{"id":23382,"date":"2023-04-23T13:23:14","date_gmt":"2023-04-23T13:23:14","guid":{"rendered":"https:\/\/www.memob.com\/data-processing-agreement\/"},"modified":"2025-05-13T12:17:29","modified_gmt":"2025-05-13T12:17:29","slug":"data-processing-agreement","status":"publish","type":"page","link":"https:\/\/www.memob.com\/es\/data-processing-agreement\/","title":{"rendered":"Data Processing Agreement"},"content":{"rendered":"\t\t<div data-elementor-type=\"wp-page\" data-elementor-id=\"23382\" class=\"elementor elementor-23382 elementor-133\" data-elementor-settings=\"{&quot;ha_cmc_init_switcher&quot;:&quot;no&quot;}\" data-elementor-post-type=\"page\">\n\t\t\t\t\t\t<section class=\"has_eae_slider has_ae_slider elementor-section elementor-top-section elementor-element elementor-element-649be21 elementor-section-boxed elementor-section-height-default elementor-section-height-default ae-bg-gallery-type-default\" data-eae-slider=\"73330\" data-particle_enable=\"false\" data-particle-mobile-disabled=\"false\" data-id=\"649be21\" data-element_type=\"section\" data-e-type=\"section\" data-settings=\"{&quot;background_background&quot;:&quot;classic&quot;,&quot;_ha_eqh_enable&quot;:false}\">\n\t\t\t\t\t\t<div class=\"elementor-container elementor-column-gap-default\">\n\t\t\t\t\t<div class=\"has_eae_slider has_ae_slider elementor-column elementor-col-33 elementor-top-column elementor-element elementor-element-527d9f7 ae-bg-gallery-type-default\" data-eae-slider=\"31546\" data-id=\"527d9f7\" data-element_type=\"column\" data-e-type=\"column\">\n\t\t\t<div class=\"elementor-widget-wrap\">\n\t\t\t\t\t\t\t<\/div>\n\t\t<\/div>\n\t\t\t\t<div class=\"has_eae_slider has_ae_slider elementor-column elementor-col-33 elementor-top-column elementor-element elementor-element-3a15261 ae-bg-gallery-type-default\" data-eae-slider=\"56435\" data-id=\"3a15261\" data-element_type=\"column\" data-e-type=\"column\">\n\t\t\t<div class=\"elementor-widget-wrap elementor-element-populated\">\n\t\t\t\t\t\t<div class=\"elementor-element elementor-element-bec7c9a elementor-invisible elementor-widget elementor-widget-text-editor\" data-id=\"bec7c9a\" data-element_type=\"widget\" data-e-type=\"widget\" data-settings=\"{&quot;_animation&quot;:&quot;fadeInUp&quot;}\" data-widget_type=\"text-editor.default\">\n\t\t\t\t<div class=\"elementor-widget-container\">\n\t\t\t\t\t\t\t\t\t<p>Acuerdo de Procesamiento de Datos<\/p>\t\t\t\t\t\t\t\t<\/div>\n\t\t\t\t<\/div>\n\t\t\t\t<div class=\"elementor-element elementor-element-d9256cb elementor-invisible elementor-widget elementor-widget-text-editor\" data-id=\"d9256cb\" data-element_type=\"widget\" data-e-type=\"widget\" data-settings=\"{&quot;_animation&quot;:&quot;fadeInUp&quot;}\" data-widget_type=\"text-editor.default\">\n\t\t\t\t<div class=\"elementor-widget-container\">\n\t\t\t\t\t\t\t\t\t<p>En MEmob+, su privacidad es importante para nosotros. Respetamos su privacidad con respecto a cualquier informaci\u00f3n que recopilemos de usted en nuestro sitio web.<\/p>\t\t\t\t\t\t\t\t<\/div>\n\t\t\t\t<\/div>\n\t\t\t\t\t<\/div>\n\t\t<\/div>\n\t\t\t\t<div class=\"has_eae_slider has_ae_slider elementor-column elementor-col-33 elementor-top-column elementor-element elementor-element-2e344a9 ae-bg-gallery-type-default\" data-eae-slider=\"47561\" data-id=\"2e344a9\" data-element_type=\"column\" data-e-type=\"column\">\n\t\t\t<div class=\"elementor-widget-wrap\">\n\t\t\t\t\t\t\t<\/div>\n\t\t<\/div>\n\t\t\t\t\t<\/div>\n\t\t<\/section>\n\t\t\t\t<section class=\"has_eae_slider has_ae_slider elementor-section elementor-top-section elementor-element elementor-element-35ab0ea elementor-section-boxed elementor-section-height-default elementor-section-height-default ae-bg-gallery-type-default\" data-eae-slider=\"90454\" data-particle_enable=\"false\" data-particle-mobile-disabled=\"false\" data-id=\"35ab0ea\" data-element_type=\"section\" data-e-type=\"section\" data-settings=\"{&quot;_ha_eqh_enable&quot;:false}\">\n\t\t\t\t\t\t<div class=\"elementor-container elementor-column-gap-default\">\n\t\t\t\t\t<div class=\"has_eae_slider has_ae_slider elementor-column elementor-col-100 elementor-top-column elementor-element elementor-element-158eff4 ae-bg-gallery-type-default\" data-eae-slider=\"50000\" data-id=\"158eff4\" data-element_type=\"column\" data-e-type=\"column\">\n\t\t\t<div class=\"elementor-widget-wrap elementor-element-populated\">\n\t\t\t\t\t\t<div class=\"elementor-element elementor-element-dd3949f elementor-widget elementor-widget-heading\" data-id=\"dd3949f\" data-element_type=\"widget\" data-e-type=\"widget\" data-widget_type=\"heading.default\">\n\t\t\t\t<div class=\"elementor-widget-container\">\n\t\t\t\t\t<h2 class=\"elementor-heading-title elementor-size-default\">Pol\u00edtica de Privacidad<\/h2>\t\t\t\t<\/div>\n\t\t\t\t<\/div>\n\t\t\t\t<div class=\"elementor-element elementor-element-dbc27a2 elementor-widget elementor-widget-text-editor\" data-id=\"dbc27a2\" data-element_type=\"widget\" data-e-type=\"widget\" data-widget_type=\"text-editor.default\">\n\t\t\t\t<div class=\"elementor-widget-container\">\n\t\t\t\t\t\t\t\t\t<p>Este sitio web es presentado por MEmob Plus FZ-LLC. Nos tomamos muy en serio la privacidad de los usuarios de nuestro sitio web. Con esta pol\u00edtica de privacidad, queremos informarle sobre c\u00f3mo procesamos sus datos personales en nuestro sitio web. Lea atentamente esta Pol\u00edtica de Privacidad (\u00abla Pol\u00edtica\u00bb), ya que contiene informaci\u00f3n importante sobre c\u00f3mo utilizaremos sus datos personales.<\/p>\t\t\t\t\t\t\t\t<\/div>\n\t\t\t\t<\/div>\n\t\t\t\t<div class=\"elementor-element elementor-element-66735ac elementor-widget elementor-widget-heading\" data-id=\"66735ac\" data-element_type=\"widget\" data-e-type=\"widget\" data-widget_type=\"heading.default\">\n\t\t\t\t<div class=\"elementor-widget-container\">\n\t\t\t\t\t<h2 class=\"elementor-heading-title elementor-size-default\">Nombre y Datos de Contacto del Responsable<\/h2>\t\t\t\t<\/div>\n\t\t\t\t<\/div>\n\t\t\t\t<div class=\"elementor-element elementor-element-8ad21e6 elementor-widget elementor-widget-text-editor\" data-id=\"8ad21e6\" data-element_type=\"widget\" data-e-type=\"widget\" data-widget_type=\"text-editor.default\">\n\t\t\t\t<div class=\"elementor-widget-container\">\n\t\t\t\t\t\t\t\t\t<p>Memob Plus FZ LLC<br \/>Office 206, Zee Tower<br \/>Dubai Media City P.O. BOX 72184<br \/>United Arab Emirates<\/p><p id=\"tw-target-text\" class=\"tw-data-text tw-text-large tw-ta\" dir=\"ltr\" data-placeholder=\"Translation\" data-ved=\"2ahUKEwjC0ZGwip6NAxXZW_EDHTNMCWcQ3ewLegQIDRAW\" aria-label=\"Translated text: Memob Plus FZ LLC\nOficina 206, Torre Zee\nDubai Media City, apartado postal 72184\nEmiratos \u00c1rabes Unidos\nPersona de contacto: Ihab El Yaman\"><span class=\"Y2IQFc\" lang=\"es\">Persona de contacto: <\/span>Ihab El Yaman<\/p>\t\t\t\t\t\t\t\t<\/div>\n\t\t\t\t<\/div>\n\t\t\t\t<div class=\"elementor-element elementor-element-d4954c7 elementor-widget elementor-widget-heading\" data-id=\"d4954c7\" data-element_type=\"widget\" data-e-type=\"widget\" data-widget_type=\"heading.default\">\n\t\t\t\t<div class=\"elementor-widget-container\">\n\t\t\t\t\t<h2 class=\"elementor-heading-title elementor-size-default\">Delegado de Protecci\u00f3n de Datos<\/h2>\t\t\t\t<\/div>\n\t\t\t\t<\/div>\n\t\t\t\t<div class=\"elementor-element elementor-element-6920886 elementor-widget elementor-widget-text-editor\" data-id=\"6920886\" data-element_type=\"widget\" data-e-type=\"widget\" data-widget_type=\"text-editor.default\">\n\t\t\t\t<div class=\"elementor-widget-container\">\n\t\t\t\t\t\t\t\t\t<p>Si tiene alguna pregunta sobre nuestras medidas de protecci\u00f3n de datos, el procesamiento de sus datos o la protecci\u00f3n de sus derechos como sujeto de datos, puede comunicarse con nosotros y con nuestro responsable de protecci\u00f3n de datos de la siguiente manera.<\/p>\t\t\t\t\t\t\t\t<\/div>\n\t\t\t\t<\/div>\n\t\t\t\t\t<\/div>\n\t\t<\/div>\n\t\t\t\t\t<\/div>\n\t\t<\/section>\n\t\t\t\t<\/div>\n\t\t","protected":false},"excerpt":{"rendered":"<p>Acuerdo de Procesamiento de Datos En MEmob+, su privacidad es importante para nosotros. Respetamos su privacidad con respecto a cualquier informaci\u00f3n que recopilemos de usted en nuestro sitio web. Pol\u00edtica de Privacidad Este sitio web es presentado por MEmob Plus FZ-LLC. Nos tomamos muy en serio la privacidad de los usuarios de nuestro sitio web. [&hellip;]<\/p>\n","protected":false},"author":1,"featured_media":0,"parent":0,"menu_order":0,"comment_status":"closed","ping_status":"closed","template":"","meta":{"_acf_changed":false,"inline_featured_image":false,"footnotes":""},"class_list":["post-23382","page","type-page","status-publish","hentry"],"acf":[],"yoast_head":"<!-- This site is optimized with the Yoast SEO Premium plugin v27.0 (Yoast SEO v27.0) - https:\/\/yoast.com\/product\/yoast-seo-premium-wordpress\/ -->\n<title>Acuerdo de procesamiento de datos MEmob+<\/title>\n<meta name=\"description\" content=\"Revisa el Acuerdo de Procesamiento de Datos de MEmob+ para entender c\u00f3mo gestionamos, protegemos y procesamos los datos personales en total cumplimiento con el RGPD y las leyes de privacidad globales.\" \/>\n<meta name=\"robots\" content=\"index, follow, max-snippet:-1, max-image-preview:large, max-video-preview:-1\" \/>\n<link rel=\"canonical\" href=\"https:\/\/www.memob.com\/es\/data-processing-agreement\/\" \/>\n<meta property=\"og:locale\" content=\"es_ES\" \/>\n<meta property=\"og:type\" content=\"article\" \/>\n<meta property=\"og:title\" content=\"Data Processing Agreement\" \/>\n<meta property=\"og:description\" content=\"Revisa el Acuerdo de Procesamiento de Datos de MEmob+ para entender c\u00f3mo gestionamos, protegemos y procesamos los datos personales en total cumplimiento con el RGPD y las leyes de privacidad globales.\" \/>\n<meta property=\"og:url\" content=\"https:\/\/www.memob.com\/es\/data-processing-agreement\/\" \/>\n<meta property=\"og:site_name\" content=\"MEmob\" \/>\n<meta property=\"article:publisher\" content=\"https:\/\/www.facebook.com\/memobtechnology\" \/>\n<meta property=\"article:modified_time\" content=\"2025-05-13T12:17:29+00:00\" \/>\n<meta name=\"twitter:card\" content=\"summary_large_image\" \/>\n<meta name=\"twitter:site\" content=\"@memobtechnology\" \/>\n<script type=\"application\/ld+json\" class=\"yoast-schema-graph\">{\"@context\":\"https:\/\/schema.org\",\"@graph\":[{\"@type\":\"WebPage\",\"@id\":\"https:\/\/www.memob.com\/es\/data-processing-agreement\/\",\"url\":\"https:\/\/www.memob.com\/es\/data-processing-agreement\/\",\"name\":\"Acuerdo de procesamiento de datos MEmob+\",\"isPartOf\":{\"@id\":\"https:\/\/www.memob.com\/es\/#website\"},\"datePublished\":\"2023-04-23T13:23:14+00:00\",\"dateModified\":\"2025-05-13T12:17:29+00:00\",\"description\":\"Revisa el Acuerdo de Procesamiento de Datos de MEmob+ para entender c\u00f3mo gestionamos, protegemos y procesamos los datos personales en total cumplimiento con el RGPD y las leyes de privacidad globales.\",\"breadcrumb\":{\"@id\":\"https:\/\/www.memob.com\/es\/data-processing-agreement\/#breadcrumb\"},\"inLanguage\":\"es\",\"potentialAction\":[{\"@type\":\"ReadAction\",\"target\":[\"https:\/\/www.memob.com\/es\/data-processing-agreement\/\"]}]},{\"@type\":\"BreadcrumbList\",\"@id\":\"https:\/\/www.memob.com\/es\/data-processing-agreement\/#breadcrumb\",\"itemListElement\":[{\"@type\":\"ListItem\",\"position\":1,\"name\":\"Home\",\"item\":\"https:\/\/www.memob.com\/es\/memob\/\"},{\"@type\":\"ListItem\",\"position\":2,\"name\":\"Data Processing Agreement\"}]},{\"@type\":\"WebSite\",\"@id\":\"https:\/\/www.memob.com\/es\/#website\",\"url\":\"https:\/\/www.memob.com\/es\/\",\"name\":\"MEmob\",\"description\":\"Data Intelligence Company\",\"publisher\":{\"@id\":\"https:\/\/www.memob.com\/es\/#organization\"},\"potentialAction\":[{\"@type\":\"SearchAction\",\"target\":{\"@type\":\"EntryPoint\",\"urlTemplate\":\"https:\/\/www.memob.com\/es\/?s={search_term_string}\"},\"query-input\":{\"@type\":\"PropertyValueSpecification\",\"valueRequired\":true,\"valueName\":\"search_term_string\"}}],\"inLanguage\":\"es\"},{\"@type\":\"Organization\",\"@id\":\"https:\/\/www.memob.com\/es\/#organization\",\"name\":\"MEmob Plus\",\"alternateName\":\"MEmob+\",\"url\":\"https:\/\/www.memob.com\/es\/\",\"logo\":{\"@type\":\"ImageObject\",\"inLanguage\":\"es\",\"@id\":\"https:\/\/www.memob.com\/es\/#\/schema\/logo\/image\/\",\"url\":\"https:\/\/www.memob.com\/wp-content\/uploads\/2023\/04\/logo-memob-350x100-2.svg\",\"contentUrl\":\"https:\/\/www.memob.com\/wp-content\/uploads\/2023\/04\/logo-memob-350x100-2.svg\",\"width\":350,\"height\":100,\"caption\":\"MEmob Plus\"},\"image\":{\"@id\":\"https:\/\/www.memob.com\/es\/#\/schema\/logo\/image\/\"},\"sameAs\":[\"https:\/\/www.facebook.com\/memobtechnology\",\"https:\/\/x.com\/memobtechnology\",\"https:\/\/www.instagram.com\/memobtechnology\/\",\"https:\/\/www.linkedin.com\/company\/memobtechnology\/\",\"https:\/\/www.youtube.com\/channel\/UC-R0S3HpR6r10n8M6NbhOrQ\"]}]}<\/script>\n<!-- \/ Yoast SEO Premium plugin. -->","yoast_head_json":{"title":"Acuerdo de procesamiento de datos MEmob+","description":"Revisa el Acuerdo de Procesamiento de Datos de MEmob+ para entender c\u00f3mo gestionamos, protegemos y procesamos los datos personales en total cumplimiento con el RGPD y las leyes de privacidad globales.","robots":{"index":"index","follow":"follow","max-snippet":"max-snippet:-1","max-image-preview":"max-image-preview:large","max-video-preview":"max-video-preview:-1"},"canonical":"https:\/\/www.memob.com\/es\/data-processing-agreement\/","og_locale":"es_ES","og_type":"article","og_title":"Data Processing Agreement","og_description":"Revisa el Acuerdo de Procesamiento de Datos de MEmob+ para entender c\u00f3mo gestionamos, protegemos y procesamos los datos personales en total cumplimiento con el RGPD y las leyes de privacidad globales.","og_url":"https:\/\/www.memob.com\/es\/data-processing-agreement\/","og_site_name":"MEmob","article_publisher":"https:\/\/www.facebook.com\/memobtechnology","article_modified_time":"2025-05-13T12:17:29+00:00","twitter_card":"summary_large_image","twitter_site":"@memobtechnology","schema":{"@context":"https:\/\/schema.org","@graph":[{"@type":"WebPage","@id":"https:\/\/www.memob.com\/es\/data-processing-agreement\/","url":"https:\/\/www.memob.com\/es\/data-processing-agreement\/","name":"Acuerdo de procesamiento de datos MEmob+","isPartOf":{"@id":"https:\/\/www.memob.com\/es\/#website"},"datePublished":"2023-04-23T13:23:14+00:00","dateModified":"2025-05-13T12:17:29+00:00","description":"Revisa el Acuerdo de Procesamiento de Datos de MEmob+ para entender c\u00f3mo gestionamos, protegemos y procesamos los datos personales en total cumplimiento con el RGPD y las leyes de privacidad globales.","breadcrumb":{"@id":"https:\/\/www.memob.com\/es\/data-processing-agreement\/#breadcrumb"},"inLanguage":"es","potentialAction":[{"@type":"ReadAction","target":["https:\/\/www.memob.com\/es\/data-processing-agreement\/"]}]},{"@type":"BreadcrumbList","@id":"https:\/\/www.memob.com\/es\/data-processing-agreement\/#breadcrumb","itemListElement":[{"@type":"ListItem","position":1,"name":"Home","item":"https:\/\/www.memob.com\/es\/memob\/"},{"@type":"ListItem","position":2,"name":"Data Processing Agreement"}]},{"@type":"WebSite","@id":"https:\/\/www.memob.com\/es\/#website","url":"https:\/\/www.memob.com\/es\/","name":"MEmob","description":"Data Intelligence Company","publisher":{"@id":"https:\/\/www.memob.com\/es\/#organization"},"potentialAction":[{"@type":"SearchAction","target":{"@type":"EntryPoint","urlTemplate":"https:\/\/www.memob.com\/es\/?s={search_term_string}"},"query-input":{"@type":"PropertyValueSpecification","valueRequired":true,"valueName":"search_term_string"}}],"inLanguage":"es"},{"@type":"Organization","@id":"https:\/\/www.memob.com\/es\/#organization","name":"MEmob Plus","alternateName":"MEmob+","url":"https:\/\/www.memob.com\/es\/","logo":{"@type":"ImageObject","inLanguage":"es","@id":"https:\/\/www.memob.com\/es\/#\/schema\/logo\/image\/","url":"https:\/\/www.memob.com\/wp-content\/uploads\/2023\/04\/logo-memob-350x100-2.svg","contentUrl":"https:\/\/www.memob.com\/wp-content\/uploads\/2023\/04\/logo-memob-350x100-2.svg","width":350,"height":100,"caption":"MEmob Plus"},"image":{"@id":"https:\/\/www.memob.com\/es\/#\/schema\/logo\/image\/"},"sameAs":["https:\/\/www.facebook.com\/memobtechnology","https:\/\/x.com\/memobtechnology","https:\/\/www.instagram.com\/memobtechnology\/","https:\/\/www.linkedin.com\/company\/memobtechnology\/","https:\/\/www.youtube.com\/channel\/UC-R0S3HpR6r10n8M6NbhOrQ"]}]}},"_links":{"self":[{"href":"https:\/\/www.memob.com\/es\/wp-json\/wp\/v2\/pages\/23382","targetHints":{"allow":["GET"]}}],"collection":[{"href":"https:\/\/www.memob.com\/es\/wp-json\/wp\/v2\/pages"}],"about":[{"href":"https:\/\/www.memob.com\/es\/wp-json\/wp\/v2\/types\/page"}],"author":[{"embeddable":true,"href":"https:\/\/www.memob.com\/es\/wp-json\/wp\/v2\/users\/1"}],"replies":[{"embeddable":true,"href":"https:\/\/www.memob.com\/es\/wp-json\/wp\/v2\/comments?post=23382"}],"version-history":[{"count":4,"href":"https:\/\/www.memob.com\/es\/wp-json\/wp\/v2\/pages\/23382\/revisions"}],"predecessor-version":[{"id":24490,"href":"https:\/\/www.memob.com\/es\/wp-json\/wp\/v2\/pages\/23382\/revisions\/24490"}],"wp:attachment":[{"href":"https:\/\/www.memob.com\/es\/wp-json\/wp\/v2\/media?parent=23382"}],"curies":[{"name":"wp","href":"https:\/\/api.w.org\/{rel}","templated":true}]}}