{"id":23374,"date":"2023-05-24T08:41:08","date_gmt":"2023-05-24T08:41:08","guid":{"rendered":"https:\/\/www.memob.com\/cookies\/"},"modified":"2025-09-20T12:45:48","modified_gmt":"2025-09-20T12:45:48","slug":"cookies","status":"publish","type":"page","link":"https:\/\/www.memob.com\/es\/cookies\/","title":{"rendered":"Cookie Declaration"},"content":{"rendered":"\t\t<div data-elementor-type=\"wp-page\" data-elementor-id=\"23374\" class=\"elementor elementor-23374 elementor-7872\" data-elementor-settings=\"{&quot;ha_cmc_init_switcher&quot;:&quot;no&quot;}\" data-elementor-post-type=\"page\">\n\t\t\t\t\t\t<section class=\"has_eae_slider has_ae_slider elementor-section elementor-top-section elementor-element elementor-element-6134a8e elementor-section-boxed elementor-section-height-default elementor-section-height-default ae-bg-gallery-type-default\" data-eae-slider=\"8027\" data-particle_enable=\"false\" data-particle-mobile-disabled=\"false\" data-id=\"6134a8e\" data-element_type=\"section\" data-e-type=\"section\" data-settings=\"{&quot;background_background&quot;:&quot;classic&quot;,&quot;_ha_eqh_enable&quot;:false}\">\n\t\t\t\t\t\t<div class=\"elementor-container elementor-column-gap-default\">\n\t\t\t\t\t<div class=\"has_eae_slider has_ae_slider elementor-column elementor-col-33 elementor-top-column elementor-element elementor-element-afa3350 ae-bg-gallery-type-default\" data-eae-slider=\"97848\" data-id=\"afa3350\" data-element_type=\"column\" data-e-type=\"column\">\n\t\t\t<div class=\"elementor-widget-wrap\">\n\t\t\t\t\t\t\t<\/div>\n\t\t<\/div>\n\t\t\t\t<div class=\"has_eae_slider has_ae_slider elementor-column elementor-col-33 elementor-top-column elementor-element elementor-element-20d5b1d ae-bg-gallery-type-default\" data-eae-slider=\"88125\" data-id=\"20d5b1d\" data-element_type=\"column\" data-e-type=\"column\">\n\t\t\t<div class=\"elementor-widget-wrap elementor-element-populated\">\n\t\t\t\t\t\t<div class=\"elementor-element elementor-element-dadfdaa elementor-invisible elementor-widget elementor-widget-text-editor\" data-id=\"dadfdaa\" data-element_type=\"widget\" data-e-type=\"widget\" data-settings=\"{&quot;_animation&quot;:&quot;fadeInUp&quot;}\" data-widget_type=\"text-editor.default\">\n\t\t\t\t<div class=\"elementor-widget-container\">\n\t\t\t\t\t\t\t\t\t<h1>Pol\u00edtica de Cookies<\/h1>\t\t\t\t\t\t\t\t<\/div>\n\t\t\t\t<\/div>\n\t\t\t\t\t<\/div>\n\t\t<\/div>\n\t\t\t\t<div class=\"has_eae_slider has_ae_slider elementor-column elementor-col-33 elementor-top-column elementor-element elementor-element-5fe5466 ae-bg-gallery-type-default\" data-eae-slider=\"11457\" data-id=\"5fe5466\" data-element_type=\"column\" data-e-type=\"column\">\n\t\t\t<div class=\"elementor-widget-wrap\">\n\t\t\t\t\t\t\t<\/div>\n\t\t<\/div>\n\t\t\t\t\t<\/div>\n\t\t<\/section>\n\t\t\t\t<section class=\"has_eae_slider has_ae_slider elementor-section elementor-top-section elementor-element elementor-element-97e3f9a elementor-section-boxed elementor-section-height-default elementor-section-height-default ae-bg-gallery-type-default\" data-eae-slider=\"13305\" data-particle_enable=\"false\" data-particle-mobile-disabled=\"false\" data-id=\"97e3f9a\" data-element_type=\"section\" data-e-type=\"section\" data-settings=\"{&quot;_ha_eqh_enable&quot;:false}\">\n\t\t\t\t\t\t<div class=\"elementor-container elementor-column-gap-default\">\n\t\t\t\t\t<div class=\"has_eae_slider has_ae_slider elementor-column elementor-col-100 elementor-top-column elementor-element elementor-element-8ae09e7 ae-bg-gallery-type-default\" data-eae-slider=\"69683\" data-id=\"8ae09e7\" data-element_type=\"column\" data-e-type=\"column\">\n\t\t\t<div class=\"elementor-widget-wrap elementor-element-populated\">\n\t\t\t\t\t\t<div class=\"elementor-element elementor-element-9b64643 elementor-widget elementor-widget-text-editor\" data-id=\"9b64643\" data-element_type=\"widget\" data-e-type=\"widget\" data-widget_type=\"text-editor.default\">\n\t\t\t\t<div class=\"elementor-widget-container\">\n\t\t\t\t\t\t\t\t\t<p><style><span data-mce-type=\"bookmark\" style=\"display: inline-block; width: 0px; overflow: hidden; line-height: 0;\" class=\"mce_SELRES_start\">\ufeff<\/span><br \/>    a.cky-banner-element {<br \/>        padding: 8px 30px;<br \/>        background: #F8F9FA;<br \/>        color: #858A8F;<br \/>        border: 1px solid #DEE2E6;<br \/>        box-sizing: border-box;<br \/>        border-radius: 2px;<br \/>        cursor: pointer;<br \/>}<br \/><\/style><\/p><p>Fecha de entrada en vigor: 26 de junio de 2023<br \/>\u00daltima actualizaci\u00f3n: 26 de junio de 2023<\/p><p><em>\u00bfQu\u00e9 son las cookies?<\/em><\/p><p>Esta Pol\u00edtica de Cookies explica qu\u00e9 son las cookies y c\u00f3mo las usamos, los tipos de cookies que utilizamos, es decir, la informaci\u00f3n que recopilamos mediante cookies y c\u00f3mo se utiliza, y c\u00f3mo gestionar la configuraci\u00f3n de las cookies.<\/p><p>Las cookies son peque\u00f1os archivos de texto que se utilizan para almacenar peque\u00f1os fragmentos de informaci\u00f3n. Se almacenan en su dispositivo cuando el sitio web se carga en su navegador. Estas cookies nos ayudan a que el sitio web funcione correctamente, a hacerlo m\u00e1s seguro, a brindar una mejor experiencia de usuario, a comprender su rendimiento y a analizar qu\u00e9 funciona y d\u00f3nde necesita mejoras.<\/p><p><em>\u00bfC\u00f3mo usamos las cookies?<\/em><\/p><p>Como la mayor\u00eda de los servicios en l\u00ednea, nuestro sitio web utiliza cookies propias y de terceros para diversos fines. Las cookies propias son principalmente necesarias para el correcto funcionamiento del sitio web y no recopilan datos personales.<\/p><p>Las cookies de terceros que utilizamos en nuestro sitio web se utilizan principalmente para comprender el rendimiento del sitio web, c\u00f3mo interact\u00faa con \u00e9l, mantener la seguridad de nuestros servicios, mostrarle anuncios relevantes y, en general, brindarle una mejor experiencia de usuario y agilizar sus futuras interacciones con nuestro sitio web.<\/p><p>Tipos de cookies que utilizamos<\/p><p>Administrar preferencias de cookies<\/p><p>Configuraci\u00f3n de cookies<\/p><p>Puede cambiar sus preferencias de cookies en cualquier momento haciendo clic en el bot\u00f3n superior.<\/p><p>Esto le permitir\u00e1 volver a visitar el banner de consentimiento de cookies y cambiar sus preferencias o retirar su consentimiento inmediatamente.Adem\u00e1s, cada navegador ofrece diferentes m\u00e9todos para bloquear y eliminar las cookies utilizadas por los sitios web. Puede configurar su navegador para bloquear o eliminar las cookies. A continuaci\u00f3n, encontrar\u00e1 enlaces a documentos de soporte sobre c\u00f3mo administrar y eliminar cookies en los principales navegadores web.<\/p><div><p>Chrome: <a href=\"https:\/\/support.google.com\/accounts\/answer\/32050\" target=\"_blank\" rel=\"noopener\">https:\/\/support.google.com\/accounts\/answer\/32050<\/a><\/p><p>Safari: <a href=\"https:\/\/support.apple.com\/en-in\/guide\/safari\/sfri11471\/mac\" target=\"_blank\" rel=\"noopener\">https:\/\/support.apple.com\/en-in\/guide\/safari\/sfri11471\/mac<\/a><\/p><p>Firefox: <a href=\"https:\/\/support.mozilla.org\/en-US\/kb\/clear-cookies-and-site-data-firefox?redirectslug=delete-cookies-remove-info-websites-stored&amp;redirectlocale=en-US\" target=\"_blank\" rel=\"noopener\">https:\/\/support.mozilla.org\/en-US\/kb\/clear-cookies-and-site-data-firefox?redirectslug=delete-cookies-remove-info-websites-stored&amp;redirectlocale=en-US<\/a><\/p><p>Internet Explorer: <a href=\"https:\/\/support.microsoft.com\/en-us\/topic\/how-to-delete-cookie-files-in-internet-explorer-bca9446f-d873-78de-77ba-d42645fa52fc\" target=\"_blank\" rel=\"noopener\">https:\/\/support.microsoft.com\/en-us\/topic\/how-to-delete-cookie-files-in-internet-explorer-bca9446f-d873-78de-77ba-d42645fa52fc<\/a><\/p><p>Si est\u00e1 utilizando otro navegador web, visite los documentos de soporte oficiales de su navegador.<\/p><p>Pol\u00edtica de cookies generada por <a style=\"font-family: -apple-system, BlinkMacSystemFont, 'Segoe UI', Roboto, 'Helvetica Neue', Arial, 'Noto Sans', sans-serif, 'Apple Color Emoji', 'Segoe UI Emoji', 'Segoe UI Symbol', 'Noto Color Emoji';\" href=\"https:\/\/www.cookieyes.com\/?utm_source=CP&amp;utm_medium=footer&amp;utm_campaign=UW\" target=\"_blank\" rel=\"noopener\">CookieYes &#8211; Cookie Policy Generator<\/a><span style=\"font-family: -apple-system, BlinkMacSystemFont, 'Segoe UI', Roboto, 'Helvetica Neue', Arial, 'Noto Sans', sans-serif, 'Apple Color Emoji', 'Segoe UI Emoji', 'Segoe UI Symbol', 'Noto Color Emoji';\">.<\/span><\/p><\/div>\t\t\t\t\t\t\t\t<\/div>\n\t\t\t\t<\/div>\n\t\t\t\t\t<\/div>\n\t\t<\/div>\n\t\t\t\t\t<\/div>\n\t\t<\/section>\n\t\t\t\t<\/div>\n\t\t","protected":false},"excerpt":{"rendered":"<p>Pol\u00edtica de Cookies Fecha de entrada en vigor: 26 de junio de 2023\u00daltima actualizaci\u00f3n: 26 de junio de 2023 \u00bfQu\u00e9 son las cookies? Esta Pol\u00edtica de Cookies explica qu\u00e9 son las cookies y c\u00f3mo las usamos, los tipos de cookies que utilizamos, es decir, la informaci\u00f3n que recopilamos mediante cookies y c\u00f3mo se utiliza, y [&hellip;]<\/p>\n","protected":false},"author":5,"featured_media":0,"parent":0,"menu_order":0,"comment_status":"closed","ping_status":"closed","template":"","meta":{"_acf_changed":false,"inline_featured_image":false,"footnotes":""},"class_list":["post-23374","page","type-page","status-publish","hentry"],"acf":[],"yoast_head":"<!-- This site is optimized with the Yoast SEO Premium plugin v27.0 (Yoast SEO v27.0) - https:\/\/yoast.com\/product\/yoast-seo-premium-wordpress\/ -->\n<title>Declaraci\u00f3n de cookies MEmob+<\/title>\n<meta name=\"description\" content=\"Descubre c\u00f3mo MEmob+ utiliza cookies para mejorar la experiencia del usuario, analizar el tr\u00e1fico y ofrecer contenido personalizado en cumplimiento con las regulaciones de privacidad de datos.\" \/>\n<meta name=\"robots\" content=\"index, follow, max-snippet:-1, max-image-preview:large, max-video-preview:-1\" \/>\n<link rel=\"canonical\" href=\"https:\/\/www.memob.com\/es\/cookies\/\" \/>\n<meta property=\"og:locale\" content=\"es_ES\" \/>\n<meta property=\"og:type\" content=\"article\" \/>\n<meta property=\"og:title\" content=\"Cookie Declaration\" \/>\n<meta property=\"og:description\" content=\"Descubre c\u00f3mo MEmob+ utiliza cookies para mejorar la experiencia del usuario, analizar el tr\u00e1fico y ofrecer contenido personalizado en cumplimiento con las regulaciones de privacidad de datos.\" \/>\n<meta property=\"og:url\" content=\"https:\/\/www.memob.com\/es\/cookies\/\" \/>\n<meta property=\"og:site_name\" content=\"MEmob\" \/>\n<meta property=\"article:publisher\" content=\"https:\/\/www.facebook.com\/memobtechnology\" \/>\n<meta property=\"article:modified_time\" content=\"2025-09-20T12:45:48+00:00\" \/>\n<meta name=\"twitter:card\" content=\"summary_large_image\" \/>\n<meta name=\"twitter:site\" content=\"@memobtechnology\" \/>\n<script type=\"application\/ld+json\" class=\"yoast-schema-graph\">{\"@context\":\"https:\/\/schema.org\",\"@graph\":[{\"@type\":\"WebPage\",\"@id\":\"https:\/\/www.memob.com\/es\/cookies\/\",\"url\":\"https:\/\/www.memob.com\/es\/cookies\/\",\"name\":\"Declaraci\u00f3n de cookies MEmob+\",\"isPartOf\":{\"@id\":\"https:\/\/www.memob.com\/es\/#website\"},\"datePublished\":\"2023-05-24T08:41:08+00:00\",\"dateModified\":\"2025-09-20T12:45:48+00:00\",\"description\":\"Descubre c\u00f3mo MEmob+ utiliza cookies para mejorar la experiencia del usuario, analizar el tr\u00e1fico y ofrecer contenido personalizado en cumplimiento con las regulaciones de privacidad de datos.\",\"breadcrumb\":{\"@id\":\"https:\/\/www.memob.com\/es\/cookies\/#breadcrumb\"},\"inLanguage\":\"es\",\"potentialAction\":[{\"@type\":\"ReadAction\",\"target\":[\"https:\/\/www.memob.com\/es\/cookies\/\"]}]},{\"@type\":\"BreadcrumbList\",\"@id\":\"https:\/\/www.memob.com\/es\/cookies\/#breadcrumb\",\"itemListElement\":[{\"@type\":\"ListItem\",\"position\":1,\"name\":\"Home\",\"item\":\"https:\/\/www.memob.com\/es\/memob\/\"},{\"@type\":\"ListItem\",\"position\":2,\"name\":\"Cookie Declaration\"}]},{\"@type\":\"WebSite\",\"@id\":\"https:\/\/www.memob.com\/es\/#website\",\"url\":\"https:\/\/www.memob.com\/es\/\",\"name\":\"MEmob\",\"description\":\"Data Intelligence Company\",\"publisher\":{\"@id\":\"https:\/\/www.memob.com\/es\/#organization\"},\"potentialAction\":[{\"@type\":\"SearchAction\",\"target\":{\"@type\":\"EntryPoint\",\"urlTemplate\":\"https:\/\/www.memob.com\/es\/?s={search_term_string}\"},\"query-input\":{\"@type\":\"PropertyValueSpecification\",\"valueRequired\":true,\"valueName\":\"search_term_string\"}}],\"inLanguage\":\"es\"},{\"@type\":\"Organization\",\"@id\":\"https:\/\/www.memob.com\/es\/#organization\",\"name\":\"MEmob Plus\",\"alternateName\":\"MEmob+\",\"url\":\"https:\/\/www.memob.com\/es\/\",\"logo\":{\"@type\":\"ImageObject\",\"inLanguage\":\"es\",\"@id\":\"https:\/\/www.memob.com\/es\/#\/schema\/logo\/image\/\",\"url\":\"https:\/\/www.memob.com\/wp-content\/uploads\/2023\/04\/logo-memob-350x100-2.svg\",\"contentUrl\":\"https:\/\/www.memob.com\/wp-content\/uploads\/2023\/04\/logo-memob-350x100-2.svg\",\"width\":350,\"height\":100,\"caption\":\"MEmob Plus\"},\"image\":{\"@id\":\"https:\/\/www.memob.com\/es\/#\/schema\/logo\/image\/\"},\"sameAs\":[\"https:\/\/www.facebook.com\/memobtechnology\",\"https:\/\/x.com\/memobtechnology\",\"https:\/\/www.instagram.com\/memobtechnology\/\",\"https:\/\/www.linkedin.com\/company\/memobtechnology\/\",\"https:\/\/www.youtube.com\/channel\/UC-R0S3HpR6r10n8M6NbhOrQ\"]}]}<\/script>\n<!-- \/ Yoast SEO Premium plugin. -->","yoast_head_json":{"title":"Declaraci\u00f3n de cookies MEmob+","description":"Descubre c\u00f3mo MEmob+ utiliza cookies para mejorar la experiencia del usuario, analizar el tr\u00e1fico y ofrecer contenido personalizado en cumplimiento con las regulaciones de privacidad de datos.","robots":{"index":"index","follow":"follow","max-snippet":"max-snippet:-1","max-image-preview":"max-image-preview:large","max-video-preview":"max-video-preview:-1"},"canonical":"https:\/\/www.memob.com\/es\/cookies\/","og_locale":"es_ES","og_type":"article","og_title":"Cookie Declaration","og_description":"Descubre c\u00f3mo MEmob+ utiliza cookies para mejorar la experiencia del usuario, analizar el tr\u00e1fico y ofrecer contenido personalizado en cumplimiento con las regulaciones de privacidad de datos.","og_url":"https:\/\/www.memob.com\/es\/cookies\/","og_site_name":"MEmob","article_publisher":"https:\/\/www.facebook.com\/memobtechnology","article_modified_time":"2025-09-20T12:45:48+00:00","twitter_card":"summary_large_image","twitter_site":"@memobtechnology","schema":{"@context":"https:\/\/schema.org","@graph":[{"@type":"WebPage","@id":"https:\/\/www.memob.com\/es\/cookies\/","url":"https:\/\/www.memob.com\/es\/cookies\/","name":"Declaraci\u00f3n de cookies MEmob+","isPartOf":{"@id":"https:\/\/www.memob.com\/es\/#website"},"datePublished":"2023-05-24T08:41:08+00:00","dateModified":"2025-09-20T12:45:48+00:00","description":"Descubre c\u00f3mo MEmob+ utiliza cookies para mejorar la experiencia del usuario, analizar el tr\u00e1fico y ofrecer contenido personalizado en cumplimiento con las regulaciones de privacidad de datos.","breadcrumb":{"@id":"https:\/\/www.memob.com\/es\/cookies\/#breadcrumb"},"inLanguage":"es","potentialAction":[{"@type":"ReadAction","target":["https:\/\/www.memob.com\/es\/cookies\/"]}]},{"@type":"BreadcrumbList","@id":"https:\/\/www.memob.com\/es\/cookies\/#breadcrumb","itemListElement":[{"@type":"ListItem","position":1,"name":"Home","item":"https:\/\/www.memob.com\/es\/memob\/"},{"@type":"ListItem","position":2,"name":"Cookie Declaration"}]},{"@type":"WebSite","@id":"https:\/\/www.memob.com\/es\/#website","url":"https:\/\/www.memob.com\/es\/","name":"MEmob","description":"Data Intelligence Company","publisher":{"@id":"https:\/\/www.memob.com\/es\/#organization"},"potentialAction":[{"@type":"SearchAction","target":{"@type":"EntryPoint","urlTemplate":"https:\/\/www.memob.com\/es\/?s={search_term_string}"},"query-input":{"@type":"PropertyValueSpecification","valueRequired":true,"valueName":"search_term_string"}}],"inLanguage":"es"},{"@type":"Organization","@id":"https:\/\/www.memob.com\/es\/#organization","name":"MEmob Plus","alternateName":"MEmob+","url":"https:\/\/www.memob.com\/es\/","logo":{"@type":"ImageObject","inLanguage":"es","@id":"https:\/\/www.memob.com\/es\/#\/schema\/logo\/image\/","url":"https:\/\/www.memob.com\/wp-content\/uploads\/2023\/04\/logo-memob-350x100-2.svg","contentUrl":"https:\/\/www.memob.com\/wp-content\/uploads\/2023\/04\/logo-memob-350x100-2.svg","width":350,"height":100,"caption":"MEmob Plus"},"image":{"@id":"https:\/\/www.memob.com\/es\/#\/schema\/logo\/image\/"},"sameAs":["https:\/\/www.facebook.com\/memobtechnology","https:\/\/x.com\/memobtechnology","https:\/\/www.instagram.com\/memobtechnology\/","https:\/\/www.linkedin.com\/company\/memobtechnology\/","https:\/\/www.youtube.com\/channel\/UC-R0S3HpR6r10n8M6NbhOrQ"]}]}},"_links":{"self":[{"href":"https:\/\/www.memob.com\/es\/wp-json\/wp\/v2\/pages\/23374","targetHints":{"allow":["GET"]}}],"collection":[{"href":"https:\/\/www.memob.com\/es\/wp-json\/wp\/v2\/pages"}],"about":[{"href":"https:\/\/www.memob.com\/es\/wp-json\/wp\/v2\/types\/page"}],"author":[{"embeddable":true,"href":"https:\/\/www.memob.com\/es\/wp-json\/wp\/v2\/users\/5"}],"replies":[{"embeddable":true,"href":"https:\/\/www.memob.com\/es\/wp-json\/wp\/v2\/comments?post=23374"}],"version-history":[{"count":10,"href":"https:\/\/www.memob.com\/es\/wp-json\/wp\/v2\/pages\/23374\/revisions"}],"predecessor-version":[{"id":27992,"href":"https:\/\/www.memob.com\/es\/wp-json\/wp\/v2\/pages\/23374\/revisions\/27992"}],"wp:attachment":[{"href":"https:\/\/www.memob.com\/es\/wp-json\/wp\/v2\/media?parent=23374"}],"curies":[{"name":"wp","href":"https:\/\/api.w.org\/{rel}","templated":true}]}}