{"id":15253,"date":"2023-04-23T13:22:41","date_gmt":"2023-04-23T13:22:41","guid":{"rendered":"https:\/\/memob.com\/memob-careers\/"},"modified":"2025-07-11T16:17:08","modified_gmt":"2025-07-11T16:17:08","slug":"memob-careers","status":"publish","type":"page","link":"https:\/\/www.memob.com\/de\/memob-careers\/","title":{"rendered":"Career"},"content":{"rendered":"\t\t<div data-elementor-type=\"wp-page\" data-elementor-id=\"15253\" class=\"elementor elementor-15253 elementor-124\" data-elementor-settings=\"{&quot;ha_cmc_init_switcher&quot;:&quot;no&quot;}\" data-elementor-post-type=\"page\">\n\t\t\t\t\t\t<section class=\"has_eae_slider has_ae_slider elementor-section elementor-top-section elementor-element elementor-element-bc3ed75 elementor-section-boxed elementor-section-height-default elementor-section-height-default ae-bg-gallery-type-default\" data-eae-slider=\"32500\" data-particle_enable=\"false\" data-particle-mobile-disabled=\"false\" data-id=\"bc3ed75\" data-element_type=\"section\" data-e-type=\"section\" data-settings=\"{&quot;background_background&quot;:&quot;classic&quot;,&quot;_ha_eqh_enable&quot;:false}\">\n\t\t\t\t\t\t<div class=\"elementor-container elementor-column-gap-default\">\n\t\t\t\t\t<div class=\"has_eae_slider has_ae_slider elementor-column elementor-col-50 elementor-top-column elementor-element elementor-element-3bcd674 ae-bg-gallery-type-default\" data-eae-slider=\"52358\" data-id=\"3bcd674\" data-element_type=\"column\" data-e-type=\"column\">\n\t\t\t<div class=\"elementor-widget-wrap elementor-element-populated\">\n\t\t\t\t\t\t<div class=\"elementor-element elementor-element-13cc4f2 mb-0 elementor-invisible elementor-widget elementor-widget-heading\" data-id=\"13cc4f2\" data-element_type=\"widget\" data-e-type=\"widget\" data-settings=\"{&quot;_animation&quot;:&quot;fadeInUp&quot;}\" data-widget_type=\"heading.default\">\n\t\t\t\t<div class=\"elementor-widget-container\">\n\t\t\t\t\t<h2 class=\"elementor-heading-title elementor-size-default\">Werden Sie Teil unseres Team<\/h2>\t\t\t\t<\/div>\n\t\t\t\t<\/div>\n\t\t\t\t<div class=\"elementor-element elementor-element-010b7c5 mb-0 elementor-invisible elementor-widget elementor-widget-heading\" data-id=\"010b7c5\" data-element_type=\"widget\" data-e-type=\"widget\" data-settings=\"{&quot;_animation&quot;:&quot;fadeInUp&quot;}\" data-widget_type=\"heading.default\">\n\t\t\t\t<div class=\"elementor-widget-container\">\n\t\t\t\t\t<h1 class=\"elementor-heading-title elementor-size-default\">Beginn Deine Reise mit uns <\/h1>\t\t\t\t<\/div>\n\t\t\t\t<\/div>\n\t\t\t\t<div class=\"elementor-element elementor-element-90ef6f0 elementor-invisible elementor-widget elementor-widget-heading\" data-id=\"90ef6f0\" data-element_type=\"widget\" data-e-type=\"widget\" data-settings=\"{&quot;_animation&quot;:&quot;fadeInUp&quot;}\" data-widget_type=\"heading.default\">\n\t\t\t\t<div class=\"elementor-widget-container\">\n\t\t\t\t\t<h2 class=\"elementor-heading-title elementor-size-default\">Unsere Philosophie ist einfach: Stelle  ein Team aus vielf\u00e4ltigen, leidenschaftlichen Menschen ein und f\u00f6rder eine Kultur, die dazu bef\u00e4higt, Ihre beste Arbeit zu leisten.\n<\/h2>\t\t\t\t<\/div>\n\t\t\t\t<\/div>\n\t\t\t\t<section class=\"has_eae_slider has_ae_slider elementor-section elementor-inner-section elementor-element elementor-element-816579a elementor-section-boxed elementor-section-height-default elementor-section-height-default ae-bg-gallery-type-default\" data-eae-slider=\"99705\" data-particle_enable=\"false\" data-particle-mobile-disabled=\"false\" data-id=\"816579a\" data-element_type=\"section\" data-e-type=\"section\" data-settings=\"{&quot;_ha_eqh_enable&quot;:false}\">\n\t\t\t\t\t\t<div class=\"elementor-container elementor-column-gap-default\">\n\t\t\t\t\t<div class=\"has_eae_slider has_ae_slider elementor-column elementor-col-50 elementor-inner-column elementor-element elementor-element-bf39ca3 ae-bg-gallery-type-default\" data-eae-slider=\"69704\" data-id=\"bf39ca3\" data-element_type=\"column\" data-e-type=\"column\">\n\t\t\t<div class=\"elementor-widget-wrap elementor-element-populated\">\n\t\t\t\t\t\t<div class=\"elementor-element elementor-element-c73360e elementor-invisible elementor-widget elementor-widget-heading\" data-id=\"c73360e\" data-element_type=\"widget\" data-e-type=\"widget\" data-settings=\"{&quot;_animation&quot;:&quot;fadeInUp&quot;}\" data-widget_type=\"heading.default\">\n\t\t\t\t<div class=\"elementor-widget-container\">\n\t\t\t\t\t<h2 class=\"elementor-heading-title elementor-size-default\">Du bist daran interessiert, unserem Team beizutreten?<\/h2>\t\t\t\t<\/div>\n\t\t\t\t<\/div>\n\t\t\t\t\t<\/div>\n\t\t<\/div>\n\t\t\t\t<div class=\"has_eae_slider has_ae_slider elementor-column elementor-col-50 elementor-inner-column elementor-element elementor-element-0ac3476 ae-bg-gallery-type-default\" data-eae-slider=\"84980\" data-id=\"0ac3476\" data-element_type=\"column\" data-e-type=\"column\">\n\t\t\t<div class=\"elementor-widget-wrap elementor-element-populated\">\n\t\t\t\t\t\t<div class=\"elementor-element elementor-element-8975c0b elementor-align-left elementor-mobile-align-center elementor-invisible elementor-widget elementor-widget-button\" data-id=\"8975c0b\" data-element_type=\"widget\" data-e-type=\"widget\" data-settings=\"{&quot;_animation&quot;:&quot;fadeInUp&quot;}\" data-widget_type=\"button.default\">\n\t\t\t\t<div class=\"elementor-widget-container\">\n\t\t\t\t\t\t\t\t\t<div class=\"elementor-button-wrapper\">\n\t\t\t\t\t<a class=\"elementor-button elementor-button-link elementor-size-sm\" href=\"#hiring\">\n\t\t\t\t\t\t<span class=\"elementor-button-content-wrapper\">\n\t\t\t\t\t\t\t\t\t<span class=\"elementor-button-text\">Wir stellen ein<\/span>\n\t\t\t\t\t<\/span>\n\t\t\t\t\t<\/a>\n\t\t\t\t<\/div>\n\t\t\t\t\t\t\t\t<\/div>\n\t\t\t\t<\/div>\n\t\t\t\t\t<\/div>\n\t\t<\/div>\n\t\t\t\t\t<\/div>\n\t\t<\/section>\n\t\t\t\t\t<\/div>\n\t\t<\/div>\n\t\t\t\t<div class=\"has_eae_slider has_ae_slider elementor-column elementor-col-50 elementor-top-column elementor-element elementor-element-c227b91 ae-bg-gallery-type-default\" data-eae-slider=\"45502\" data-id=\"c227b91\" data-element_type=\"column\" data-e-type=\"column\">\n\t\t\t<div class=\"elementor-widget-wrap elementor-element-populated\">\n\t\t\t\t\t\t<div class=\"elementor-element elementor-element-e71a569 elementor-invisible elementor-widget elementor-widget-image\" data-id=\"e71a569\" data-element_type=\"widget\" data-e-type=\"widget\" data-settings=\"{&quot;_animation&quot;:&quot;fadeInUp&quot;}\" data-widget_type=\"image.default\">\n\t\t\t\t<div class=\"elementor-widget-container\">\n\t\t\t\t\t\t\t\t\t\t\t\t\t\t\t<img fetchpriority=\"high\" decoding=\"async\" width=\"608\" height=\"496\" src=\"https:\/\/www.memob.com\/wp-content\/uploads\/2023\/05\/career-hero-cover.png\" class=\"attachment-full size-full wp-image-15254\" alt=\"\" srcset=\"https:\/\/www.memob.com\/wp-content\/uploads\/2023\/05\/career-hero-cover.png 608w, https:\/\/www.memob.com\/wp-content\/uploads\/2023\/05\/career-hero-cover-300x245.png 300w\" sizes=\"(max-width: 608px) 100vw, 608px\" \/>\t\t\t\t\t\t\t\t\t\t\t\t\t\t\t<\/div>\n\t\t\t\t<\/div>\n\t\t\t\t\t<\/div>\n\t\t<\/div>\n\t\t\t\t\t<\/div>\n\t\t<\/section>\n\t\t\t\t<section class=\"has_eae_slider has_ae_slider elementor-section elementor-top-section elementor-element elementor-element-d783ece elementor-section-boxed elementor-section-height-default elementor-section-height-default ae-bg-gallery-type-default elementor-invisible\" data-eae-slider=\"24782\" data-particle_enable=\"false\" data-particle-mobile-disabled=\"false\" data-id=\"d783ece\" data-element_type=\"section\" data-e-type=\"section\" id=\"hiring\" data-settings=\"{&quot;animation&quot;:&quot;fadeInUp&quot;,&quot;_ha_eqh_enable&quot;:false}\">\n\t\t\t\t\t\t<div class=\"elementor-container elementor-column-gap-default\">\n\t\t\t\t\t<div class=\"has_eae_slider has_ae_slider elementor-column elementor-col-100 elementor-top-column elementor-element elementor-element-65debe7 ae-bg-gallery-type-default\" data-eae-slider=\"74649\" data-id=\"65debe7\" data-element_type=\"column\" data-e-type=\"column\">\n\t\t\t<div class=\"elementor-widget-wrap elementor-element-populated\">\n\t\t\t\t\t\t<div class=\"elementor-element elementor-element-9feed65 elementor-widget elementor-widget-shortcode\" data-id=\"9feed65\" data-element_type=\"widget\" data-e-type=\"widget\" data-widget_type=\"shortcode.default\">\n\t\t\t\t<div class=\"elementor-widget-container\">\n\t\t\t\t\t\t\t<div class=\"elementor-shortcode\"><div id=\"footable_parent_3214\"\n         class=\" footable_parent ninja_table_wrapper loading_ninja_table wp_table_data_press_parent semantic_ui \">\n                <table data-ninja_table_instance=\"ninja_table_instance_0\" data-footable_id=\"3214\" data-filter-delay=\"1000\" aria-label=\"Job Table\"            id=\"footable_3214\"\n           data-unique_identifier=\"ninja_table_unique_id_2721655795_3214\"\n           class=\" foo-table ninja_footable foo_table_3214 ninja_table_unique_id_2721655795_3214 ui table  nt_type_legacy_table selectable hide_vertical_borders striped vertical_centered  footable-paging-right hide_all_borders ninja_table_search_disabled ninja_table_pro\">\n                <colgroup>\n                            <col class=\"ninja_column_0 \">\n                            <col class=\"ninja_column_1 \">\n                            <col class=\"ninja_column_2 \">\n                            <col class=\"ninja_column_3 \">\n                    <\/colgroup>\n        <thead>\n<tr class=\"footable-header\">\n                                                                        <th scope=\"col\"  class=\"ninja_column_0 ninja_clmn_nm_posttitle \">POSITION<\/th><th scope=\"col\"  class=\"ninja_column_1 ninja_clmn_nm_location \">LOCATION<\/th><th scope=\"col\"  class=\"ninja_column_2 ninja_clmn_nm_type \">TYPE<\/th><th scope=\"col\"  class=\"ninja_column_3 ninja_clmn_nm_apply \">Apply<\/th><\/tr>\n<\/thead>\n<tbody>\n\n        <tr data-row_id=\"0\" class=\"ninja_table_row_0 nt_row_id_0\">\n            <td><a  title=\"Full-Stack-Softwareentwickler\" class=\"ninja_table_permalink\" href=\"https:\/\/www.memob.com\/de\/job\/full-stack-softwareentwickler\/\">Full-Stack-Softwareentwickler<\/a><\/td><td><\/td><td><\/td><td><a   class=\"nt_btn \" style=\"\" rel=\"\" href=\"https:\/\/www.memob.com\/de\/job\/full-stack-softwareentwickler\/\"><i class=\"fas fa-long-arrow-alt-right\"><\/i><\/a><\/td>        <\/tr>\n            <tr data-row_id=\"1\" class=\"ninja_table_row_1 nt_row_id_1\">\n            <td><a  title=\"Digital Designer\" class=\"ninja_table_permalink\" href=\"https:\/\/www.memob.com\/de\/job\/digital-designer\/\">Digital Designer<\/a><\/td><td> Lebanon \/ Philippines<\/td><td>Full-time \/ ICA Contract<\/td><td><a   class=\"nt_btn \" style=\"\" rel=\"\" href=\"https:\/\/www.memob.com\/de\/job\/digital-designer\/\"><i class=\"fas fa-long-arrow-alt-right\"><\/i><\/a><\/td>        <\/tr>\n            <tr data-row_id=\"2\" class=\"ninja_table_row_2 nt_row_id_2\">\n            <td><a  title=\"Senior Paid Media Specialist\" class=\"ninja_table_permalink\" href=\"https:\/\/www.memob.com\/de\/job\/senior-paid-media-specialist\/\">Senior Paid Media Specialist<\/a><\/td><td> Lebanon \/ Philippines<\/td><td>Part-time \/ Full-time \/ ICA Contract <\/td><td><a   class=\"nt_btn \" style=\"\" rel=\"\" href=\"https:\/\/www.memob.com\/de\/job\/senior-paid-media-specialist\/\"><i class=\"fas fa-long-arrow-alt-right\"><\/i><\/a><\/td>        <\/tr>\n    <\/tbody><!--ninja_tobody_rendering_done-->\n    <\/table>\n    \n    \n    \n<\/div>\n<\/div>\n\t\t\t\t\t\t<\/div>\n\t\t\t\t<\/div>\n\t\t\t\t\t<\/div>\n\t\t<\/div>\n\t\t\t\t\t<\/div>\n\t\t<\/section>\n\t\t\t\t<\/div>\n\t\t","protected":false},"excerpt":{"rendered":"<p>Werden Sie Teil unseres Team Beginn Deine Reise mit uns Unsere Philosophie ist einfach: Stelle ein Team aus vielf\u00e4ltigen, leidenschaftlichen Menschen ein und f\u00f6rder eine Kultur, die dazu bef\u00e4higt, Ihre beste Arbeit zu leisten. Du bist daran interessiert, unserem Team beizutreten? Wir stellen ein<\/p>\n","protected":false},"author":1,"featured_media":0,"parent":0,"menu_order":0,"comment_status":"closed","ping_status":"closed","template":"","meta":{"_acf_changed":false,"inline_featured_image":false,"footnotes":""},"class_list":["post-15253","page","type-page","status-publish","hentry"],"acf":[],"yoast_head":"<!-- This site is optimized with the Yoast SEO Premium plugin v27.0 (Yoast SEO v27.0) - https:\/\/yoast.com\/product\/yoast-seo-premium-wordpress\/ -->\n<title>Careers | MEmob+ Data Intelligence Company<\/title>\n<meta name=\"description\" content=\"Looking for a job? Check for vacancies and various career opportunities at MEmob+ company. Join our incredibly dedicate team today!\" \/>\n<meta name=\"robots\" content=\"index, follow, max-snippet:-1, max-image-preview:large, max-video-preview:-1\" \/>\n<link rel=\"canonical\" href=\"https:\/\/www.memob.com\/de\/memob-careers\/\" \/>\n<meta property=\"og:locale\" content=\"de_DE\" \/>\n<meta property=\"og:type\" content=\"article\" \/>\n<meta property=\"og:title\" content=\"Career\" \/>\n<meta property=\"og:description\" content=\"Looking for a job? Check for vacancies and various career opportunities at MEmob+ company. Join our incredibly dedicate team today!\" \/>\n<meta property=\"og:url\" content=\"https:\/\/www.memob.com\/de\/memob-careers\/\" \/>\n<meta property=\"og:site_name\" content=\"MEmob\" \/>\n<meta property=\"article:publisher\" content=\"https:\/\/www.facebook.com\/memobtechnology\" \/>\n<meta property=\"article:modified_time\" content=\"2025-07-11T16:17:08+00:00\" \/>\n<meta property=\"og:image\" content=\"https:\/\/www.memob.com\/wp-content\/uploads\/2023\/05\/career-hero-cover.png\" \/>\n<meta name=\"twitter:card\" content=\"summary_large_image\" \/>\n<meta name=\"twitter:site\" content=\"@memobtechnology\" \/>\n<script type=\"application\/ld+json\" class=\"yoast-schema-graph\">{\"@context\":\"https:\/\/schema.org\",\"@graph\":[{\"@type\":\"WebPage\",\"@id\":\"https:\/\/www.memob.com\/de\/memob-careers\/\",\"url\":\"https:\/\/www.memob.com\/de\/memob-careers\/\",\"name\":\"Careers | MEmob+ Data Intelligence Company\",\"isPartOf\":{\"@id\":\"https:\/\/www.memob.com\/de\/#website\"},\"primaryImageOfPage\":{\"@id\":\"https:\/\/www.memob.com\/de\/memob-careers\/#primaryimage\"},\"image\":{\"@id\":\"https:\/\/www.memob.com\/de\/memob-careers\/#primaryimage\"},\"thumbnailUrl\":\"https:\/\/www.memob.com\/wp-content\/uploads\/2023\/05\/career-hero-cover.png\",\"datePublished\":\"2023-04-23T13:22:41+00:00\",\"dateModified\":\"2025-07-11T16:17:08+00:00\",\"description\":\"Looking for a job? Check for vacancies and various career opportunities at MEmob+ company. Join our incredibly dedicate team today!\",\"breadcrumb\":{\"@id\":\"https:\/\/www.memob.com\/de\/memob-careers\/#breadcrumb\"},\"inLanguage\":\"de\",\"potentialAction\":[{\"@type\":\"ReadAction\",\"target\":[\"https:\/\/www.memob.com\/de\/memob-careers\/\"]}]},{\"@type\":\"ImageObject\",\"inLanguage\":\"de\",\"@id\":\"https:\/\/www.memob.com\/de\/memob-careers\/#primaryimage\",\"url\":\"https:\/\/www.memob.com\/wp-content\/uploads\/2023\/05\/career-hero-cover.png\",\"contentUrl\":\"https:\/\/www.memob.com\/wp-content\/uploads\/2023\/05\/career-hero-cover.png\"},{\"@type\":\"BreadcrumbList\",\"@id\":\"https:\/\/www.memob.com\/de\/memob-careers\/#breadcrumb\",\"itemListElement\":[{\"@type\":\"ListItem\",\"position\":1,\"name\":\"Home\",\"item\":\"https:\/\/www.memob.com\/de\/\"},{\"@type\":\"ListItem\",\"position\":2,\"name\":\"Career\"}]},{\"@type\":\"WebSite\",\"@id\":\"https:\/\/www.memob.com\/de\/#website\",\"url\":\"https:\/\/www.memob.com\/de\/\",\"name\":\"MEmob\",\"description\":\"Data Intelligence Company\",\"publisher\":{\"@id\":\"https:\/\/www.memob.com\/de\/#organization\"},\"potentialAction\":[{\"@type\":\"SearchAction\",\"target\":{\"@type\":\"EntryPoint\",\"urlTemplate\":\"https:\/\/www.memob.com\/de\/?s={search_term_string}\"},\"query-input\":{\"@type\":\"PropertyValueSpecification\",\"valueRequired\":true,\"valueName\":\"search_term_string\"}}],\"inLanguage\":\"de\"},{\"@type\":\"Organization\",\"@id\":\"https:\/\/www.memob.com\/de\/#organization\",\"name\":\"MEmob Plus\",\"alternateName\":\"MEmob+\",\"url\":\"https:\/\/www.memob.com\/de\/\",\"logo\":{\"@type\":\"ImageObject\",\"inLanguage\":\"de\",\"@id\":\"https:\/\/www.memob.com\/de\/#\/schema\/logo\/image\/\",\"url\":\"https:\/\/www.memob.com\/wp-content\/uploads\/2023\/04\/logo-memob-350x100-2.svg\",\"contentUrl\":\"https:\/\/www.memob.com\/wp-content\/uploads\/2023\/04\/logo-memob-350x100-2.svg\",\"width\":350,\"height\":100,\"caption\":\"MEmob Plus\"},\"image\":{\"@id\":\"https:\/\/www.memob.com\/de\/#\/schema\/logo\/image\/\"},\"sameAs\":[\"https:\/\/www.facebook.com\/memobtechnology\",\"https:\/\/x.com\/memobtechnology\",\"https:\/\/www.instagram.com\/memobtechnology\/\",\"https:\/\/www.linkedin.com\/company\/memobtechnology\/\",\"https:\/\/www.youtube.com\/channel\/UC-R0S3HpR6r10n8M6NbhOrQ\"]}]}<\/script>\n<!-- \/ Yoast SEO Premium plugin. -->","yoast_head_json":{"title":"Careers | MEmob+ Data Intelligence Company","description":"Looking for a job? Check for vacancies and various career opportunities at MEmob+ company. Join our incredibly dedicate team today!","robots":{"index":"index","follow":"follow","max-snippet":"max-snippet:-1","max-image-preview":"max-image-preview:large","max-video-preview":"max-video-preview:-1"},"canonical":"https:\/\/www.memob.com\/de\/memob-careers\/","og_locale":"de_DE","og_type":"article","og_title":"Career","og_description":"Looking for a job? Check for vacancies and various career opportunities at MEmob+ company. Join our incredibly dedicate team today!","og_url":"https:\/\/www.memob.com\/de\/memob-careers\/","og_site_name":"MEmob","article_publisher":"https:\/\/www.facebook.com\/memobtechnology","article_modified_time":"2025-07-11T16:17:08+00:00","og_image":[{"url":"https:\/\/www.memob.com\/wp-content\/uploads\/2023\/05\/career-hero-cover.png","type":"","width":"","height":""}],"twitter_card":"summary_large_image","twitter_site":"@memobtechnology","schema":{"@context":"https:\/\/schema.org","@graph":[{"@type":"WebPage","@id":"https:\/\/www.memob.com\/de\/memob-careers\/","url":"https:\/\/www.memob.com\/de\/memob-careers\/","name":"Careers | MEmob+ Data Intelligence Company","isPartOf":{"@id":"https:\/\/www.memob.com\/de\/#website"},"primaryImageOfPage":{"@id":"https:\/\/www.memob.com\/de\/memob-careers\/#primaryimage"},"image":{"@id":"https:\/\/www.memob.com\/de\/memob-careers\/#primaryimage"},"thumbnailUrl":"https:\/\/www.memob.com\/wp-content\/uploads\/2023\/05\/career-hero-cover.png","datePublished":"2023-04-23T13:22:41+00:00","dateModified":"2025-07-11T16:17:08+00:00","description":"Looking for a job? Check for vacancies and various career opportunities at MEmob+ company. Join our incredibly dedicate team today!","breadcrumb":{"@id":"https:\/\/www.memob.com\/de\/memob-careers\/#breadcrumb"},"inLanguage":"de","potentialAction":[{"@type":"ReadAction","target":["https:\/\/www.memob.com\/de\/memob-careers\/"]}]},{"@type":"ImageObject","inLanguage":"de","@id":"https:\/\/www.memob.com\/de\/memob-careers\/#primaryimage","url":"https:\/\/www.memob.com\/wp-content\/uploads\/2023\/05\/career-hero-cover.png","contentUrl":"https:\/\/www.memob.com\/wp-content\/uploads\/2023\/05\/career-hero-cover.png"},{"@type":"BreadcrumbList","@id":"https:\/\/www.memob.com\/de\/memob-careers\/#breadcrumb","itemListElement":[{"@type":"ListItem","position":1,"name":"Home","item":"https:\/\/www.memob.com\/de\/"},{"@type":"ListItem","position":2,"name":"Career"}]},{"@type":"WebSite","@id":"https:\/\/www.memob.com\/de\/#website","url":"https:\/\/www.memob.com\/de\/","name":"MEmob","description":"Data Intelligence Company","publisher":{"@id":"https:\/\/www.memob.com\/de\/#organization"},"potentialAction":[{"@type":"SearchAction","target":{"@type":"EntryPoint","urlTemplate":"https:\/\/www.memob.com\/de\/?s={search_term_string}"},"query-input":{"@type":"PropertyValueSpecification","valueRequired":true,"valueName":"search_term_string"}}],"inLanguage":"de"},{"@type":"Organization","@id":"https:\/\/www.memob.com\/de\/#organization","name":"MEmob Plus","alternateName":"MEmob+","url":"https:\/\/www.memob.com\/de\/","logo":{"@type":"ImageObject","inLanguage":"de","@id":"https:\/\/www.memob.com\/de\/#\/schema\/logo\/image\/","url":"https:\/\/www.memob.com\/wp-content\/uploads\/2023\/04\/logo-memob-350x100-2.svg","contentUrl":"https:\/\/www.memob.com\/wp-content\/uploads\/2023\/04\/logo-memob-350x100-2.svg","width":350,"height":100,"caption":"MEmob Plus"},"image":{"@id":"https:\/\/www.memob.com\/de\/#\/schema\/logo\/image\/"},"sameAs":["https:\/\/www.facebook.com\/memobtechnology","https:\/\/x.com\/memobtechnology","https:\/\/www.instagram.com\/memobtechnology\/","https:\/\/www.linkedin.com\/company\/memobtechnology\/","https:\/\/www.youtube.com\/channel\/UC-R0S3HpR6r10n8M6NbhOrQ"]}]}},"_links":{"self":[{"href":"https:\/\/www.memob.com\/de\/wp-json\/wp\/v2\/pages\/15253","targetHints":{"allow":["GET"]}}],"collection":[{"href":"https:\/\/www.memob.com\/de\/wp-json\/wp\/v2\/pages"}],"about":[{"href":"https:\/\/www.memob.com\/de\/wp-json\/wp\/v2\/types\/page"}],"author":[{"embeddable":true,"href":"https:\/\/www.memob.com\/de\/wp-json\/wp\/v2\/users\/1"}],"replies":[{"embeddable":true,"href":"https:\/\/www.memob.com\/de\/wp-json\/wp\/v2\/comments?post=15253"}],"version-history":[{"count":7,"href":"https:\/\/www.memob.com\/de\/wp-json\/wp\/v2\/pages\/15253\/revisions"}],"predecessor-version":[{"id":26912,"href":"https:\/\/www.memob.com\/de\/wp-json\/wp\/v2\/pages\/15253\/revisions\/26912"}],"wp:attachment":[{"href":"https:\/\/www.memob.com\/de\/wp-json\/wp\/v2\/media?parent=15253"}],"curies":[{"name":"wp","href":"https:\/\/api.w.org\/{rel}","templated":true}]}}