{"id":15107,"date":"2023-04-23T13:23:14","date_gmt":"2023-04-23T13:23:14","guid":{"rendered":"https:\/\/memob.com\/data-processing-agreement\/"},"modified":"2025-11-12T14:53:38","modified_gmt":"2025-11-12T14:53:38","slug":"vereinbarung-zur-datenverarbeitung","status":"publish","type":"page","link":"https:\/\/www.memob.com\/de\/vereinbarung-zur-datenverarbeitung\/","title":{"rendered":"Vereinbarung Zur Datenverarbeitung"},"content":{"rendered":"\t\t<div data-elementor-type=\"wp-page\" data-elementor-id=\"15107\" class=\"elementor elementor-15107 elementor-133\" data-elementor-settings=\"{&quot;ha_cmc_init_switcher&quot;:&quot;no&quot;}\" data-elementor-post-type=\"page\">\n\t\t\t\t\t\t<section class=\"has_eae_slider has_ae_slider elementor-section elementor-top-section elementor-element elementor-element-649be21 elementor-section-boxed elementor-section-height-default elementor-section-height-default ae-bg-gallery-type-default\" data-eae-slider=\"78527\" data-particle_enable=\"false\" data-particle-mobile-disabled=\"false\" data-id=\"649be21\" data-element_type=\"section\" data-e-type=\"section\" data-settings=\"{&quot;background_background&quot;:&quot;classic&quot;,&quot;_ha_eqh_enable&quot;:false}\">\n\t\t\t\t\t\t<div class=\"elementor-container elementor-column-gap-default\">\n\t\t\t\t\t<div class=\"has_eae_slider has_ae_slider elementor-column elementor-col-33 elementor-top-column elementor-element elementor-element-527d9f7 ae-bg-gallery-type-default\" data-eae-slider=\"55419\" data-id=\"527d9f7\" data-element_type=\"column\" data-e-type=\"column\">\n\t\t\t<div class=\"elementor-widget-wrap\">\n\t\t\t\t\t\t\t<\/div>\n\t\t<\/div>\n\t\t\t\t<div class=\"has_eae_slider has_ae_slider elementor-column elementor-col-33 elementor-top-column elementor-element elementor-element-3a15261 ae-bg-gallery-type-default\" data-eae-slider=\"28583\" data-id=\"3a15261\" data-element_type=\"column\" data-e-type=\"column\">\n\t\t\t<div class=\"elementor-widget-wrap elementor-element-populated\">\n\t\t\t\t\t\t<div class=\"elementor-element elementor-element-bec7c9a elementor-invisible elementor-widget elementor-widget-text-editor\" data-id=\"bec7c9a\" data-element_type=\"widget\" data-e-type=\"widget\" data-settings=\"{&quot;_animation&quot;:&quot;fadeInUp&quot;}\" data-widget_type=\"text-editor.default\">\n\t\t\t\t<div class=\"elementor-widget-container\">\n\t\t\t\t\t\t\t\t\t<p>Datenverarbeitungsvereinbarung<\/p>\t\t\t\t\t\t\t\t<\/div>\n\t\t\t\t<\/div>\n\t\t\t\t<div class=\"elementor-element elementor-element-d9256cb elementor-invisible elementor-widget elementor-widget-text-editor\" data-id=\"d9256cb\" data-element_type=\"widget\" data-e-type=\"widget\" data-settings=\"{&quot;_animation&quot;:&quot;fadeInUp&quot;}\" data-widget_type=\"text-editor.default\">\n\t\t\t\t<div class=\"elementor-widget-container\">\n\t\t\t\t\t\t\t\t\t<p>Ihre Privatsph\u00e4re ist uns bei MeMob+ wichtig. Wir respektieren Ihre Privatsph\u00e4re in Bezug auf alle Informationen, die wir auf unserer Website von Ihnen sammeln.<\/p>\t\t\t\t\t\t\t\t<\/div>\n\t\t\t\t<\/div>\n\t\t\t\t\t<\/div>\n\t\t<\/div>\n\t\t\t\t<div class=\"has_eae_slider has_ae_slider elementor-column elementor-col-33 elementor-top-column elementor-element elementor-element-2e344a9 ae-bg-gallery-type-default\" data-eae-slider=\"18086\" data-id=\"2e344a9\" data-element_type=\"column\" data-e-type=\"column\">\n\t\t\t<div class=\"elementor-widget-wrap\">\n\t\t\t\t\t\t\t<\/div>\n\t\t<\/div>\n\t\t\t\t\t<\/div>\n\t\t<\/section>\n\t\t\t\t<section class=\"has_eae_slider has_ae_slider elementor-section elementor-top-section elementor-element elementor-element-35ab0ea elementor-section-boxed elementor-section-height-default elementor-section-height-default ae-bg-gallery-type-default\" data-eae-slider=\"91753\" data-particle_enable=\"false\" data-particle-mobile-disabled=\"false\" data-id=\"35ab0ea\" data-element_type=\"section\" data-e-type=\"section\" data-settings=\"{&quot;_ha_eqh_enable&quot;:false}\">\n\t\t\t\t\t\t<div class=\"elementor-container elementor-column-gap-default\">\n\t\t\t\t\t<div class=\"has_eae_slider has_ae_slider elementor-column elementor-col-100 elementor-top-column elementor-element elementor-element-158eff4 ae-bg-gallery-type-default\" data-eae-slider=\"82914\" data-id=\"158eff4\" data-element_type=\"column\" data-e-type=\"column\">\n\t\t\t<div class=\"elementor-widget-wrap elementor-element-populated\">\n\t\t\t\t\t\t<div class=\"elementor-element elementor-element-dd3949f elementor-widget elementor-widget-heading\" data-id=\"dd3949f\" data-element_type=\"widget\" data-e-type=\"widget\" data-widget_type=\"heading.default\">\n\t\t\t\t<div class=\"elementor-widget-container\">\n\t\t\t\t\t<h2 class=\"elementor-heading-title elementor-size-default\">Datenschutzrichtlinie<\/h2>\t\t\t\t<\/div>\n\t\t\t\t<\/div>\n\t\t\t\t<div class=\"elementor-element elementor-element-dbc27a2 elementor-widget elementor-widget-text-editor\" data-id=\"dbc27a2\" data-element_type=\"widget\" data-e-type=\"widget\" data-widget_type=\"text-editor.default\">\n\t\t\t\t<div class=\"elementor-widget-container\">\n\t\t\t\t\t\t\t\t\t<p>Diese Website wird Ihnen von MEmob Plus FZ-LLC zur Verf\u00fcgung gestellt. Wir nehmen die Privatsph\u00e4re unserer Website-Benutzer sehr ernst. Mit dieser Datenschutzerkl\u00e4rung m\u00f6chten wir Sie dar\u00fcber informieren, wie wir personenbezogene Daten im Rahmen unserer Website verarbeiten. Bitte lesen Sie diese Datenschutzrichtlinie (\u201edie Richtlinie\u201c) sorgf\u00e4ltig durch, da sie wichtige Informationen dar\u00fcber enth\u00e4lt, wie wir Ihre personenbezogenen Daten verwenden.<\/p>\t\t\t\t\t\t\t\t<\/div>\n\t\t\t\t<\/div>\n\t\t\t\t<div class=\"elementor-element elementor-element-66735ac elementor-widget elementor-widget-heading\" data-id=\"66735ac\" data-element_type=\"widget\" data-e-type=\"widget\" data-widget_type=\"heading.default\">\n\t\t\t\t<div class=\"elementor-widget-container\">\n\t\t\t\t\t<h2 class=\"elementor-heading-title elementor-size-default\">Name und Kontaktdaten des verantwortlichen Personals<\/h2>\t\t\t\t<\/div>\n\t\t\t\t<\/div>\n\t\t\t\t<div class=\"elementor-element elementor-element-8ad21e6 elementor-widget elementor-widget-text-editor\" data-id=\"8ad21e6\" data-element_type=\"widget\" data-e-type=\"widget\" data-widget_type=\"text-editor.default\">\n\t\t\t\t<div class=\"elementor-widget-container\">\n\t\t\t\t\t\t\t\t\t<p>Memob Plus FZ LLC<br \/>B\u00fcro 206, Zee Tower<br \/>Dubai Media City P.O. BOX 72184<br \/>Vereinigte Arabische Emirate<br \/>Ansprechpartner: Ihab El Yaman<\/p>\t\t\t\t\t\t\t\t<\/div>\n\t\t\t\t<\/div>\n\t\t\t\t<div class=\"elementor-element elementor-element-d4954c7 elementor-widget elementor-widget-heading\" data-id=\"d4954c7\" data-element_type=\"widget\" data-e-type=\"widget\" data-widget_type=\"heading.default\">\n\t\t\t\t<div class=\"elementor-widget-container\">\n\t\t\t\t\t<h2 class=\"elementor-heading-title elementor-size-default\">Datenschutzbeauftragter<\/h2>\t\t\t\t<\/div>\n\t\t\t\t<\/div>\n\t\t\t\t<div class=\"elementor-element elementor-element-6920886 elementor-widget elementor-widget-text-editor\" data-id=\"6920886\" data-element_type=\"widget\" data-e-type=\"widget\" data-widget_type=\"text-editor.default\">\n\t\t\t\t<div class=\"elementor-widget-container\">\n\t\t\t\t\t\t\t\t\t<p>Sollten Sie Fragen zu unseren Datenschutzma\u00dfnahmen, der Verarbeitung Ihrer Daten oder dem Schutz Ihrer Betroffenenrechte haben, k\u00f6nnen Sie sich wie folgt an uns und unseren Datenschutzbeauftragten wenden:<\/p>\t\t\t\t\t\t\t\t<\/div>\n\t\t\t\t<\/div>\n\t\t\t\t\t<\/div>\n\t\t<\/div>\n\t\t\t\t\t<\/div>\n\t\t<\/section>\n\t\t\t\t<\/div>\n\t\t","protected":false},"excerpt":{"rendered":"<p>Datenverarbeitungsvereinbarung Ihre Privatsph\u00e4re ist uns bei MeMob+ wichtig. Wir respektieren Ihre Privatsph\u00e4re in Bezug auf alle Informationen, die wir auf unserer Website von Ihnen sammeln. Datenschutzrichtlinie Diese Website wird Ihnen von MEmob Plus FZ-LLC zur Verf\u00fcgung gestellt. Wir nehmen die Privatsph\u00e4re unserer Website-Benutzer sehr ernst. Mit dieser Datenschutzerkl\u00e4rung m\u00f6chten wir Sie dar\u00fcber informieren, wie wir [&hellip;]<\/p>\n","protected":false},"author":1,"featured_media":0,"parent":0,"menu_order":0,"comment_status":"closed","ping_status":"closed","template":"","meta":{"_acf_changed":false,"inline_featured_image":false,"footnotes":""},"class_list":["post-15107","page","type-page","status-publish","hentry"],"acf":[],"yoast_head":"<!-- This site is optimized with the Yoast SEO Premium plugin v27.0 (Yoast SEO v27.0) - https:\/\/yoast.com\/product\/yoast-seo-premium-wordpress\/ -->\n<title>Vereinbarung Zur Datenverarbeitung - MEmob<\/title>\n<meta name=\"robots\" content=\"index, follow, max-snippet:-1, max-image-preview:large, max-video-preview:-1\" \/>\n<link rel=\"canonical\" href=\"https:\/\/www.memob.com\/de\/vereinbarung-zur-datenverarbeitung\/\" \/>\n<meta property=\"og:locale\" content=\"de_DE\" \/>\n<meta property=\"og:type\" content=\"article\" \/>\n<meta property=\"og:title\" content=\"Vereinbarung Zur Datenverarbeitung\" \/>\n<meta property=\"og:description\" content=\"Datenverarbeitungsvereinbarung Ihre Privatsph\u00e4re ist uns bei MeMob+ wichtig. Wir respektieren Ihre Privatsph\u00e4re in Bezug auf alle Informationen, die wir auf unserer Website von Ihnen sammeln. Datenschutzrichtlinie Diese Website wird Ihnen von MEmob Plus FZ-LLC zur Verf\u00fcgung gestellt. Wir nehmen die Privatsph\u00e4re unserer Website-Benutzer sehr ernst. Mit dieser Datenschutzerkl\u00e4rung m\u00f6chten wir Sie dar\u00fcber informieren, wie wir [&hellip;]\" \/>\n<meta property=\"og:url\" content=\"https:\/\/www.memob.com\/de\/vereinbarung-zur-datenverarbeitung\/\" \/>\n<meta property=\"og:site_name\" content=\"MEmob\" \/>\n<meta property=\"article:publisher\" content=\"https:\/\/www.facebook.com\/memobtechnology\" \/>\n<meta property=\"article:modified_time\" content=\"2025-11-12T14:53:38+00:00\" \/>\n<meta name=\"twitter:card\" content=\"summary_large_image\" \/>\n<meta name=\"twitter:site\" content=\"@memobtechnology\" \/>\n<script type=\"application\/ld+json\" class=\"yoast-schema-graph\">{\"@context\":\"https:\/\/schema.org\",\"@graph\":[{\"@type\":\"WebPage\",\"@id\":\"https:\/\/www.memob.com\/de\/vereinbarung-zur-datenverarbeitung\/\",\"url\":\"https:\/\/www.memob.com\/de\/vereinbarung-zur-datenverarbeitung\/\",\"name\":\"Vereinbarung Zur Datenverarbeitung - MEmob\",\"isPartOf\":{\"@id\":\"https:\/\/www.memob.com\/de\/#website\"},\"datePublished\":\"2023-04-23T13:23:14+00:00\",\"dateModified\":\"2025-11-12T14:53:38+00:00\",\"breadcrumb\":{\"@id\":\"https:\/\/www.memob.com\/de\/vereinbarung-zur-datenverarbeitung\/#breadcrumb\"},\"inLanguage\":\"de\",\"potentialAction\":[{\"@type\":\"ReadAction\",\"target\":[\"https:\/\/www.memob.com\/de\/vereinbarung-zur-datenverarbeitung\/\"]}]},{\"@type\":\"BreadcrumbList\",\"@id\":\"https:\/\/www.memob.com\/de\/vereinbarung-zur-datenverarbeitung\/#breadcrumb\",\"itemListElement\":[{\"@type\":\"ListItem\",\"position\":1,\"name\":\"Home\",\"item\":\"https:\/\/www.memob.com\/de\/\"},{\"@type\":\"ListItem\",\"position\":2,\"name\":\"Vereinbarung Zur Datenverarbeitung\"}]},{\"@type\":\"WebSite\",\"@id\":\"https:\/\/www.memob.com\/de\/#website\",\"url\":\"https:\/\/www.memob.com\/de\/\",\"name\":\"MEmob\",\"description\":\"Data Intelligence Company\",\"publisher\":{\"@id\":\"https:\/\/www.memob.com\/de\/#organization\"},\"potentialAction\":[{\"@type\":\"SearchAction\",\"target\":{\"@type\":\"EntryPoint\",\"urlTemplate\":\"https:\/\/www.memob.com\/de\/?s={search_term_string}\"},\"query-input\":{\"@type\":\"PropertyValueSpecification\",\"valueRequired\":true,\"valueName\":\"search_term_string\"}}],\"inLanguage\":\"de\"},{\"@type\":\"Organization\",\"@id\":\"https:\/\/www.memob.com\/de\/#organization\",\"name\":\"MEmob Plus\",\"alternateName\":\"MEmob+\",\"url\":\"https:\/\/www.memob.com\/de\/\",\"logo\":{\"@type\":\"ImageObject\",\"inLanguage\":\"de\",\"@id\":\"https:\/\/www.memob.com\/de\/#\/schema\/logo\/image\/\",\"url\":\"https:\/\/www.memob.com\/wp-content\/uploads\/2023\/04\/logo-memob-350x100-2.svg\",\"contentUrl\":\"https:\/\/www.memob.com\/wp-content\/uploads\/2023\/04\/logo-memob-350x100-2.svg\",\"width\":350,\"height\":100,\"caption\":\"MEmob Plus\"},\"image\":{\"@id\":\"https:\/\/www.memob.com\/de\/#\/schema\/logo\/image\/\"},\"sameAs\":[\"https:\/\/www.facebook.com\/memobtechnology\",\"https:\/\/x.com\/memobtechnology\",\"https:\/\/www.instagram.com\/memobtechnology\/\",\"https:\/\/www.linkedin.com\/company\/memobtechnology\/\",\"https:\/\/www.youtube.com\/channel\/UC-R0S3HpR6r10n8M6NbhOrQ\"]}]}<\/script>\n<!-- \/ Yoast SEO Premium plugin. -->","yoast_head_json":{"title":"Vereinbarung Zur Datenverarbeitung - MEmob","robots":{"index":"index","follow":"follow","max-snippet":"max-snippet:-1","max-image-preview":"max-image-preview:large","max-video-preview":"max-video-preview:-1"},"canonical":"https:\/\/www.memob.com\/de\/vereinbarung-zur-datenverarbeitung\/","og_locale":"de_DE","og_type":"article","og_title":"Vereinbarung Zur Datenverarbeitung","og_description":"Datenverarbeitungsvereinbarung Ihre Privatsph\u00e4re ist uns bei MeMob+ wichtig. Wir respektieren Ihre Privatsph\u00e4re in Bezug auf alle Informationen, die wir auf unserer Website von Ihnen sammeln. Datenschutzrichtlinie Diese Website wird Ihnen von MEmob Plus FZ-LLC zur Verf\u00fcgung gestellt. Wir nehmen die Privatsph\u00e4re unserer Website-Benutzer sehr ernst. Mit dieser Datenschutzerkl\u00e4rung m\u00f6chten wir Sie dar\u00fcber informieren, wie wir [&hellip;]","og_url":"https:\/\/www.memob.com\/de\/vereinbarung-zur-datenverarbeitung\/","og_site_name":"MEmob","article_publisher":"https:\/\/www.facebook.com\/memobtechnology","article_modified_time":"2025-11-12T14:53:38+00:00","twitter_card":"summary_large_image","twitter_site":"@memobtechnology","schema":{"@context":"https:\/\/schema.org","@graph":[{"@type":"WebPage","@id":"https:\/\/www.memob.com\/de\/vereinbarung-zur-datenverarbeitung\/","url":"https:\/\/www.memob.com\/de\/vereinbarung-zur-datenverarbeitung\/","name":"Vereinbarung Zur Datenverarbeitung - MEmob","isPartOf":{"@id":"https:\/\/www.memob.com\/de\/#website"},"datePublished":"2023-04-23T13:23:14+00:00","dateModified":"2025-11-12T14:53:38+00:00","breadcrumb":{"@id":"https:\/\/www.memob.com\/de\/vereinbarung-zur-datenverarbeitung\/#breadcrumb"},"inLanguage":"de","potentialAction":[{"@type":"ReadAction","target":["https:\/\/www.memob.com\/de\/vereinbarung-zur-datenverarbeitung\/"]}]},{"@type":"BreadcrumbList","@id":"https:\/\/www.memob.com\/de\/vereinbarung-zur-datenverarbeitung\/#breadcrumb","itemListElement":[{"@type":"ListItem","position":1,"name":"Home","item":"https:\/\/www.memob.com\/de\/"},{"@type":"ListItem","position":2,"name":"Vereinbarung Zur Datenverarbeitung"}]},{"@type":"WebSite","@id":"https:\/\/www.memob.com\/de\/#website","url":"https:\/\/www.memob.com\/de\/","name":"MEmob","description":"Data Intelligence Company","publisher":{"@id":"https:\/\/www.memob.com\/de\/#organization"},"potentialAction":[{"@type":"SearchAction","target":{"@type":"EntryPoint","urlTemplate":"https:\/\/www.memob.com\/de\/?s={search_term_string}"},"query-input":{"@type":"PropertyValueSpecification","valueRequired":true,"valueName":"search_term_string"}}],"inLanguage":"de"},{"@type":"Organization","@id":"https:\/\/www.memob.com\/de\/#organization","name":"MEmob Plus","alternateName":"MEmob+","url":"https:\/\/www.memob.com\/de\/","logo":{"@type":"ImageObject","inLanguage":"de","@id":"https:\/\/www.memob.com\/de\/#\/schema\/logo\/image\/","url":"https:\/\/www.memob.com\/wp-content\/uploads\/2023\/04\/logo-memob-350x100-2.svg","contentUrl":"https:\/\/www.memob.com\/wp-content\/uploads\/2023\/04\/logo-memob-350x100-2.svg","width":350,"height":100,"caption":"MEmob Plus"},"image":{"@id":"https:\/\/www.memob.com\/de\/#\/schema\/logo\/image\/"},"sameAs":["https:\/\/www.facebook.com\/memobtechnology","https:\/\/x.com\/memobtechnology","https:\/\/www.instagram.com\/memobtechnology\/","https:\/\/www.linkedin.com\/company\/memobtechnology\/","https:\/\/www.youtube.com\/channel\/UC-R0S3HpR6r10n8M6NbhOrQ"]}]}},"_links":{"self":[{"href":"https:\/\/www.memob.com\/de\/wp-json\/wp\/v2\/pages\/15107","targetHints":{"allow":["GET"]}}],"collection":[{"href":"https:\/\/www.memob.com\/de\/wp-json\/wp\/v2\/pages"}],"about":[{"href":"https:\/\/www.memob.com\/de\/wp-json\/wp\/v2\/types\/page"}],"author":[{"embeddable":true,"href":"https:\/\/www.memob.com\/de\/wp-json\/wp\/v2\/users\/1"}],"replies":[{"embeddable":true,"href":"https:\/\/www.memob.com\/de\/wp-json\/wp\/v2\/comments?post=15107"}],"version-history":[{"count":1,"href":"https:\/\/www.memob.com\/de\/wp-json\/wp\/v2\/pages\/15107\/revisions"}],"predecessor-version":[{"id":28686,"href":"https:\/\/www.memob.com\/de\/wp-json\/wp\/v2\/pages\/15107\/revisions\/28686"}],"wp:attachment":[{"href":"https:\/\/www.memob.com\/de\/wp-json\/wp\/v2\/media?parent=15107"}],"curies":[{"name":"wp","href":"https:\/\/api.w.org\/{rel}","templated":true}]}}