{"id":15096,"date":"2023-05-24T08:41:08","date_gmt":"2023-05-24T08:41:08","guid":{"rendered":"https:\/\/memob.com\/cookies\/"},"modified":"2025-09-20T12:39:01","modified_gmt":"2025-09-20T12:39:01","slug":"cookies","status":"publish","type":"page","link":"https:\/\/www.memob.com\/de\/cookies\/","title":{"rendered":"Cookie-Richtlinie"},"content":{"rendered":"\t\t<div data-elementor-type=\"wp-page\" data-elementor-id=\"15096\" class=\"elementor elementor-15096 elementor-7872\" data-elementor-settings=\"{&quot;ha_cmc_init_switcher&quot;:&quot;no&quot;}\" data-elementor-post-type=\"page\">\n\t\t\t\t\t\t<section class=\"has_eae_slider has_ae_slider elementor-section elementor-top-section elementor-element elementor-element-6134a8e elementor-section-boxed elementor-section-height-default elementor-section-height-default ae-bg-gallery-type-default\" data-eae-slider=\"13164\" data-particle_enable=\"false\" data-particle-mobile-disabled=\"false\" data-id=\"6134a8e\" data-element_type=\"section\" data-e-type=\"section\" data-settings=\"{&quot;background_background&quot;:&quot;classic&quot;,&quot;_ha_eqh_enable&quot;:false}\">\n\t\t\t\t\t\t<div class=\"elementor-container elementor-column-gap-default\">\n\t\t\t\t\t<div class=\"has_eae_slider has_ae_slider elementor-column elementor-col-33 elementor-top-column elementor-element elementor-element-afa3350 ae-bg-gallery-type-default\" data-eae-slider=\"83315\" data-id=\"afa3350\" data-element_type=\"column\" data-e-type=\"column\">\n\t\t\t<div class=\"elementor-widget-wrap\">\n\t\t\t\t\t\t\t<\/div>\n\t\t<\/div>\n\t\t\t\t<div class=\"has_eae_slider has_ae_slider elementor-column elementor-col-33 elementor-top-column elementor-element elementor-element-20d5b1d ae-bg-gallery-type-default\" data-eae-slider=\"96183\" data-id=\"20d5b1d\" data-element_type=\"column\" data-e-type=\"column\">\n\t\t\t<div class=\"elementor-widget-wrap elementor-element-populated\">\n\t\t\t\t\t\t<div class=\"elementor-element elementor-element-dadfdaa elementor-invisible elementor-widget elementor-widget-text-editor\" data-id=\"dadfdaa\" data-element_type=\"widget\" data-e-type=\"widget\" data-settings=\"{&quot;_animation&quot;:&quot;fadeInUp&quot;}\" data-widget_type=\"text-editor.default\">\n\t\t\t\t<div class=\"elementor-widget-container\">\n\t\t\t\t\t\t\t\t\t<h1>Cookie-Richtlinie<\/h1>\t\t\t\t\t\t\t\t<\/div>\n\t\t\t\t<\/div>\n\t\t\t\t\t<\/div>\n\t\t<\/div>\n\t\t\t\t<div class=\"has_eae_slider has_ae_slider elementor-column elementor-col-33 elementor-top-column elementor-element elementor-element-5fe5466 ae-bg-gallery-type-default\" data-eae-slider=\"64316\" data-id=\"5fe5466\" data-element_type=\"column\" data-e-type=\"column\">\n\t\t\t<div class=\"elementor-widget-wrap\">\n\t\t\t\t\t\t\t<\/div>\n\t\t<\/div>\n\t\t\t\t\t<\/div>\n\t\t<\/section>\n\t\t\t\t<section class=\"has_eae_slider has_ae_slider elementor-section elementor-top-section elementor-element elementor-element-97e3f9a elementor-section-boxed elementor-section-height-default elementor-section-height-default ae-bg-gallery-type-default\" data-eae-slider=\"96445\" data-particle_enable=\"false\" data-particle-mobile-disabled=\"false\" data-id=\"97e3f9a\" data-element_type=\"section\" data-e-type=\"section\" data-settings=\"{&quot;_ha_eqh_enable&quot;:false}\">\n\t\t\t\t\t\t<div class=\"elementor-container elementor-column-gap-default\">\n\t\t\t\t\t<div class=\"has_eae_slider has_ae_slider elementor-column elementor-col-100 elementor-top-column elementor-element elementor-element-8ae09e7 ae-bg-gallery-type-default\" data-eae-slider=\"56621\" data-id=\"8ae09e7\" data-element_type=\"column\" data-e-type=\"column\">\n\t\t\t<div class=\"elementor-widget-wrap elementor-element-populated\">\n\t\t\t\t\t\t<div class=\"elementor-element elementor-element-9b64643 elementor-widget elementor-widget-text-editor\" data-id=\"9b64643\" data-element_type=\"widget\" data-e-type=\"widget\" data-widget_type=\"text-editor.default\">\n\t\t\t\t<div class=\"elementor-widget-container\">\n\t\t\t\t\t\t\t\t\t<p><style>\n    a.cky-banner-element {<br \/>        padding: 8px 30px;<br \/>        background: #F8F9FA;<br \/>        color: #858A8F;<br \/>        border: 1px solid #DEE2E6;<br \/>        box-sizing: border-box;<br \/>        border-radius: 2px;<br \/>        cursor: pointer;<br \/>}<br \/><\/style><\/p><p><span style=\"font-weight: 400;\">Datum des Inkrafttretens: 26.06.2023<\/span><\/p><p><span style=\"font-weight: 400;\">Letzte Aktualisierung: 26.06.2023<\/span><\/p><p><strong>Was sind Cookies?<\/strong><\/p><p><span style=\"font-weight: 400;\">In dieser Cookie-Richtlinie wird erkl\u00e4rt, was Cookies sind und wie wir sie verwenden, welche Arten von Cookies wir verwenden, d. h. welche Informationen wir mithilfe von Cookies sammeln und wie diese Informationen verwendet werden, und wie die Cookie-Einstellungen verwaltet werden. Cookies sind kleine Textdateien, die zur Speicherung kleinerer Informationen verwendet werden. Sie werden auf Ihrem Ger\u00e4t gespeichert, wenn die Website in Ihrem Browser geladen wird. Diese Cookies helfen uns, die Website ordnungsgem\u00e4\u00df funktionieren zu lassen, sie sicherer zu machen, ein besseres Benutzererlebnis zu bieten und zu verstehen, wie die Website funktioniert, und zu analysieren, was funktioniert und wo Verbesserungen erforderlich sind.<\/span><\/p><p><strong>Wie verwenden wir Cookies?<\/strong><\/p><p><span style=\"font-weight: 400;\">\u00a0Wie die meisten Online-Dienste verwendet unsere Website f\u00fcr verschiedene Zwecke Erst- und Drittanbieter-Cookies. Erstanbieter-Cookies sind in den meisten F\u00e4llen f\u00fcr die ordnungsgem\u00e4\u00dfe Funktion der Website erforderlich und erfassen keine personenbezogenen Daten von Ihnen.<\/span><\/p><p><span style=\"font-weight: 400;\">Die auf unserer Website verwendeten Cookies von Drittanbietern dienen haupts\u00e4chlich dazu, zu verstehen, wie die Website funktioniert, wie Sie mit unserer Website interagieren, unsere Dienste sicher zu halten, f\u00fcr Sie relevante Werbung bereitzustellen und Ihnen insgesamt einen besseren und verbesserten Benutzer zu bieten Erfahrung und helfen Sie dabei, Ihre zuk\u00fcnftigen Interaktionen mit unserer Website zu beschleunigen.<\/span><\/p><p><strong>Arten von Cookies, die wir verwenden<\/strong><\/p><p><em><strong><span style=\"font-weight: 400;\">Cookie-Einstellungen verwalten<\/span><\/strong><\/em><\/p><p><em><strong><span style=\"font-weight: 400;\">Cookie-Einstellungen<\/span><\/strong><\/em><\/p><p><span style=\"font-weight: 400;\">Sie k\u00f6nnen Ihre Cookie-Einstellungen jederzeit \u00e4ndern, indem Sie auf die Schaltfl\u00e4che oben klicken. Dadurch k\u00f6nnen Sie das Cookie-Einwilligungsbanner erneut aufrufen und Ihre Einstellungen \u00e4ndern oder Ihre Einwilligung sofort widerrufen.<\/span><\/p><p><span style=\"font-weight: 400;\">Dar\u00fcber hinaus bieten verschiedene Browser unterschiedliche Methoden zum Blockieren und L\u00f6schen von Cookies, die von Websites verwendet werden. Sie k\u00f6nnen die Einstellungen Ihres Browsers \u00e4ndern, um die Cookies zu blockieren\/l\u00f6schen. Unten sind die Links zu den Supportdokumenten zum Verwalten und L\u00f6schen von Cookies in den wichtigsten Webbrowsern aufgef\u00fchrt.<\/span><\/p><p>Chrome: <a href=\"https:\/\/support.google.com\/accounts\/answer\/32050\" target=\"_blank\" rel=\"noopener\">https:\/\/support.google.com\/accounts\/answer\/32050<\/a><\/p><div><p>Safari: <a href=\"https:\/\/support.apple.com\/en-in\/guide\/safari\/sfri11471\/mac\" target=\"_blank\" rel=\"noopener\">https:\/\/support.apple.com\/en-in\/guide\/safari\/sfri11471\/mac<\/a><\/p><p>Firefox: <a href=\"https:\/\/support.mozilla.org\/en-US\/kb\/clear-cookies-and-site-data-firefox?redirectslug=delete-cookies-remove-info-websites-stored&amp;redirectlocale=en-US\" target=\"_blank\" rel=\"noopener\">https:\/\/support.mozilla.org\/en-US\/kb\/clear-cookies-and-site-data-firefox?redirectslug=delete-cookies-remove-info-websites-stored&amp;redirectlocale=en-US<\/a><\/p><p>Internet Explorer: <a href=\"https:\/\/support.microsoft.com\/en-us\/topic\/how-to-delete-cookie-files-in-internet-explorer-bca9446f-d873-78de-77ba-d42645fa52fc\" target=\"_blank\" rel=\"noopener\">https:\/\/support.microsoft.com\/en-us\/topic\/how-to-delete-cookie-files-in-internet-explorer-bca9446f-d873-78de-77ba-d42645fa52fc<\/a><\/p><\/div><p><span style=\"font-weight: 400;\">Wenn Sie einen anderen Webbrowser verwenden, lesen Sie bitte die offiziellen Supportdokumente Ihres Browsers.<\/span><\/p><p><span style=\"font-weight: 400;\">Cookie-Richtlinie erstellt von <\/span><a href=\"https:\/\/www.cookieyes.com\/?utm_source=CP&amp;utm_medium=footer&amp;utm_campaign=UW\" target=\"_blank\" rel=\"noopener\">CookieYes &#8211; Cookie Policy Generator<\/a>.<\/p>\t\t\t\t\t\t\t\t<\/div>\n\t\t\t\t<\/div>\n\t\t\t\t\t<\/div>\n\t\t<\/div>\n\t\t\t\t\t<\/div>\n\t\t<\/section>\n\t\t\t\t<\/div>\n\t\t","protected":false},"excerpt":{"rendered":"<p>Cookie-Richtlinie Cookie-Richtlinie Datum des Inkrafttretens: 26.06.2023 Letzte Aktualisierung: 26.06.2023 Was sind Cookies? In dieser Cookie-Richtlinie wird erkl\u00e4rt, was Cookies sind und wie wir sie verwenden, welche Arten von Cookies wir verwenden, d. h. welche Informationen wir mithilfe von Cookies sammeln und wie diese Informationen verwendet werden, und wie die Cookie-Einstellungen verwaltet werden. Cookies sind kleine [&hellip;]<\/p>\n","protected":false},"author":5,"featured_media":0,"parent":0,"menu_order":0,"comment_status":"closed","ping_status":"closed","template":"","meta":{"_acf_changed":false,"inline_featured_image":false,"footnotes":""},"class_list":["post-15096","page","type-page","status-publish","hentry"],"acf":[],"yoast_head":"<!-- This site is optimized with the Yoast SEO Premium plugin v27.0 (Yoast SEO v27.0) - https:\/\/yoast.com\/product\/yoast-seo-premium-wordpress\/ -->\n<title>Cookie-Richtlinie &amp; Einstellungen | MEmob<\/title>\n<meta name=\"description\" content=\"Erfahren Sie, wie wir Cookies f\u00fcr Sicherheit, Werbung und Nutzererlebnis einsetzen. Verwalten Sie Ihre Pr\u00e4ferenzen jederzeit.\" \/>\n<meta name=\"robots\" content=\"index, follow, max-snippet:-1, max-image-preview:large, max-video-preview:-1\" \/>\n<link rel=\"canonical\" href=\"https:\/\/www.memob.com\/de\/cookies\/\" \/>\n<meta property=\"og:locale\" content=\"de_DE\" \/>\n<meta property=\"og:type\" content=\"article\" \/>\n<meta property=\"og:title\" content=\"Cookie-Richtlinie\" \/>\n<meta property=\"og:description\" content=\"Erfahren Sie, wie wir Cookies f\u00fcr Sicherheit, Werbung und Nutzererlebnis einsetzen. Verwalten Sie Ihre Pr\u00e4ferenzen jederzeit.\" \/>\n<meta property=\"og:url\" content=\"https:\/\/www.memob.com\/de\/cookies\/\" \/>\n<meta property=\"og:site_name\" content=\"MEmob\" \/>\n<meta property=\"article:publisher\" content=\"https:\/\/www.facebook.com\/memobtechnology\" \/>\n<meta property=\"article:modified_time\" content=\"2025-09-20T12:39:01+00:00\" \/>\n<meta name=\"twitter:card\" content=\"summary_large_image\" \/>\n<meta name=\"twitter:site\" content=\"@memobtechnology\" \/>\n<script type=\"application\/ld+json\" class=\"yoast-schema-graph\">{\"@context\":\"https:\/\/schema.org\",\"@graph\":[{\"@type\":\"WebPage\",\"@id\":\"https:\/\/www.memob.com\/de\/cookies\/\",\"url\":\"https:\/\/www.memob.com\/de\/cookies\/\",\"name\":\"Cookie-Richtlinie & Einstellungen | MEmob\",\"isPartOf\":{\"@id\":\"https:\/\/www.memob.com\/de\/#website\"},\"datePublished\":\"2023-05-24T08:41:08+00:00\",\"dateModified\":\"2025-09-20T12:39:01+00:00\",\"description\":\"Erfahren Sie, wie wir Cookies f\u00fcr Sicherheit, Werbung und Nutzererlebnis einsetzen. Verwalten Sie Ihre Pr\u00e4ferenzen jederzeit.\",\"breadcrumb\":{\"@id\":\"https:\/\/www.memob.com\/de\/cookies\/#breadcrumb\"},\"inLanguage\":\"de\",\"potentialAction\":[{\"@type\":\"ReadAction\",\"target\":[\"https:\/\/www.memob.com\/de\/cookies\/\"]}]},{\"@type\":\"BreadcrumbList\",\"@id\":\"https:\/\/www.memob.com\/de\/cookies\/#breadcrumb\",\"itemListElement\":[{\"@type\":\"ListItem\",\"position\":1,\"name\":\"Home\",\"item\":\"https:\/\/www.memob.com\/de\/\"},{\"@type\":\"ListItem\",\"position\":2,\"name\":\"Cookie-Richtlinie\"}]},{\"@type\":\"WebSite\",\"@id\":\"https:\/\/www.memob.com\/de\/#website\",\"url\":\"https:\/\/www.memob.com\/de\/\",\"name\":\"MEmob\",\"description\":\"Data Intelligence Company\",\"publisher\":{\"@id\":\"https:\/\/www.memob.com\/de\/#organization\"},\"potentialAction\":[{\"@type\":\"SearchAction\",\"target\":{\"@type\":\"EntryPoint\",\"urlTemplate\":\"https:\/\/www.memob.com\/de\/?s={search_term_string}\"},\"query-input\":{\"@type\":\"PropertyValueSpecification\",\"valueRequired\":true,\"valueName\":\"search_term_string\"}}],\"inLanguage\":\"de\"},{\"@type\":\"Organization\",\"@id\":\"https:\/\/www.memob.com\/de\/#organization\",\"name\":\"MEmob Plus\",\"alternateName\":\"MEmob+\",\"url\":\"https:\/\/www.memob.com\/de\/\",\"logo\":{\"@type\":\"ImageObject\",\"inLanguage\":\"de\",\"@id\":\"https:\/\/www.memob.com\/de\/#\/schema\/logo\/image\/\",\"url\":\"https:\/\/www.memob.com\/wp-content\/uploads\/2023\/04\/logo-memob-350x100-2.svg\",\"contentUrl\":\"https:\/\/www.memob.com\/wp-content\/uploads\/2023\/04\/logo-memob-350x100-2.svg\",\"width\":350,\"height\":100,\"caption\":\"MEmob Plus\"},\"image\":{\"@id\":\"https:\/\/www.memob.com\/de\/#\/schema\/logo\/image\/\"},\"sameAs\":[\"https:\/\/www.facebook.com\/memobtechnology\",\"https:\/\/x.com\/memobtechnology\",\"https:\/\/www.instagram.com\/memobtechnology\/\",\"https:\/\/www.linkedin.com\/company\/memobtechnology\/\",\"https:\/\/www.youtube.com\/channel\/UC-R0S3HpR6r10n8M6NbhOrQ\"]}]}<\/script>\n<!-- \/ Yoast SEO Premium plugin. -->","yoast_head_json":{"title":"Cookie-Richtlinie & Einstellungen | MEmob","description":"Erfahren Sie, wie wir Cookies f\u00fcr Sicherheit, Werbung und Nutzererlebnis einsetzen. Verwalten Sie Ihre Pr\u00e4ferenzen jederzeit.","robots":{"index":"index","follow":"follow","max-snippet":"max-snippet:-1","max-image-preview":"max-image-preview:large","max-video-preview":"max-video-preview:-1"},"canonical":"https:\/\/www.memob.com\/de\/cookies\/","og_locale":"de_DE","og_type":"article","og_title":"Cookie-Richtlinie","og_description":"Erfahren Sie, wie wir Cookies f\u00fcr Sicherheit, Werbung und Nutzererlebnis einsetzen. Verwalten Sie Ihre Pr\u00e4ferenzen jederzeit.","og_url":"https:\/\/www.memob.com\/de\/cookies\/","og_site_name":"MEmob","article_publisher":"https:\/\/www.facebook.com\/memobtechnology","article_modified_time":"2025-09-20T12:39:01+00:00","twitter_card":"summary_large_image","twitter_site":"@memobtechnology","schema":{"@context":"https:\/\/schema.org","@graph":[{"@type":"WebPage","@id":"https:\/\/www.memob.com\/de\/cookies\/","url":"https:\/\/www.memob.com\/de\/cookies\/","name":"Cookie-Richtlinie & Einstellungen | MEmob","isPartOf":{"@id":"https:\/\/www.memob.com\/de\/#website"},"datePublished":"2023-05-24T08:41:08+00:00","dateModified":"2025-09-20T12:39:01+00:00","description":"Erfahren Sie, wie wir Cookies f\u00fcr Sicherheit, Werbung und Nutzererlebnis einsetzen. Verwalten Sie Ihre Pr\u00e4ferenzen jederzeit.","breadcrumb":{"@id":"https:\/\/www.memob.com\/de\/cookies\/#breadcrumb"},"inLanguage":"de","potentialAction":[{"@type":"ReadAction","target":["https:\/\/www.memob.com\/de\/cookies\/"]}]},{"@type":"BreadcrumbList","@id":"https:\/\/www.memob.com\/de\/cookies\/#breadcrumb","itemListElement":[{"@type":"ListItem","position":1,"name":"Home","item":"https:\/\/www.memob.com\/de\/"},{"@type":"ListItem","position":2,"name":"Cookie-Richtlinie"}]},{"@type":"WebSite","@id":"https:\/\/www.memob.com\/de\/#website","url":"https:\/\/www.memob.com\/de\/","name":"MEmob","description":"Data Intelligence Company","publisher":{"@id":"https:\/\/www.memob.com\/de\/#organization"},"potentialAction":[{"@type":"SearchAction","target":{"@type":"EntryPoint","urlTemplate":"https:\/\/www.memob.com\/de\/?s={search_term_string}"},"query-input":{"@type":"PropertyValueSpecification","valueRequired":true,"valueName":"search_term_string"}}],"inLanguage":"de"},{"@type":"Organization","@id":"https:\/\/www.memob.com\/de\/#organization","name":"MEmob Plus","alternateName":"MEmob+","url":"https:\/\/www.memob.com\/de\/","logo":{"@type":"ImageObject","inLanguage":"de","@id":"https:\/\/www.memob.com\/de\/#\/schema\/logo\/image\/","url":"https:\/\/www.memob.com\/wp-content\/uploads\/2023\/04\/logo-memob-350x100-2.svg","contentUrl":"https:\/\/www.memob.com\/wp-content\/uploads\/2023\/04\/logo-memob-350x100-2.svg","width":350,"height":100,"caption":"MEmob Plus"},"image":{"@id":"https:\/\/www.memob.com\/de\/#\/schema\/logo\/image\/"},"sameAs":["https:\/\/www.facebook.com\/memobtechnology","https:\/\/x.com\/memobtechnology","https:\/\/www.instagram.com\/memobtechnology\/","https:\/\/www.linkedin.com\/company\/memobtechnology\/","https:\/\/www.youtube.com\/channel\/UC-R0S3HpR6r10n8M6NbhOrQ"]}]}},"_links":{"self":[{"href":"https:\/\/www.memob.com\/de\/wp-json\/wp\/v2\/pages\/15096","targetHints":{"allow":["GET"]}}],"collection":[{"href":"https:\/\/www.memob.com\/de\/wp-json\/wp\/v2\/pages"}],"about":[{"href":"https:\/\/www.memob.com\/de\/wp-json\/wp\/v2\/types\/page"}],"author":[{"embeddable":true,"href":"https:\/\/www.memob.com\/de\/wp-json\/wp\/v2\/users\/5"}],"replies":[{"embeddable":true,"href":"https:\/\/www.memob.com\/de\/wp-json\/wp\/v2\/comments?post=15096"}],"version-history":[{"count":8,"href":"https:\/\/www.memob.com\/de\/wp-json\/wp\/v2\/pages\/15096\/revisions"}],"predecessor-version":[{"id":27988,"href":"https:\/\/www.memob.com\/de\/wp-json\/wp\/v2\/pages\/15096\/revisions\/27988"}],"wp:attachment":[{"href":"https:\/\/www.memob.com\/de\/wp-json\/wp\/v2\/media?parent=15096"}],"curies":[{"name":"wp","href":"https:\/\/api.w.org\/{rel}","templated":true}]}}